{"id":273,"date":"2018-03-08T11:59:43","date_gmt":"2018-03-08T10:59:43","guid":{"rendered":"http:\/\/www.diagramme-web.fr\/pontdebeauvoisin\/?page_id=273"},"modified":"2018-11-19T08:52:46","modified_gmt":"2018-11-19T07:52:46","slug":"activites-et-sorties","status":"publish","type":"page","link":"http:\/\/www.diagramme-web.fr\/pontdebeauvoisin\/college-jeanne-darc\/activites-et-sorties\/","title":{"rendered":"Activit\u00e9s et sorties"},"content":{"rendered":"\t\t<div class=\"elementor elementor-273\">\n\t\t\t<div class=\"elementor-inner\">\n\t\t\t\t<div class=\"elementor-section-wrap\">\n\t\t\t\t\t\t\t<section data-id=\"1e04a1f\" class=\"elementor-element elementor-element-1e04a1f elementor-section-boxed elementor-section-height-default elementor-section-height-default elementor-section elementor-top-section\" data-element_type=\"section\">\n\t\t\t\t\t\t<div class=\"elementor-container elementor-column-gap-default\">\n\t\t\t\t<div class=\"elementor-row\">\n\t\t\t\t<div data-id=\"dfb03c2\" class=\"elementor-element elementor-element-dfb03c2 elementor-column elementor-col-66 elementor-top-column\" data-element_type=\"column\">\n\t\t\t<div class=\"elementor-column-wrap elementor-element-populated\">\n\t\t\t\t\t<div class=\"elementor-widget-wrap\">\n\t\t\t\t<div data-id=\"648c443\" class=\"elementor-element elementor-element-648c443 elementor-tabs-view-vertical elementor-widget elementor-widget-tabs\" data-element_type=\"tabs.default\">\n\t\t\t\t<div class=\"elementor-widget-container\">\n\t\t\t\t\t<div class=\"elementor-tabs\" role=\"tablist\">\n\t\t\t<div class=\"elementor-tabs-wrapper\">\n\t\t\t\t\t\t\t\t\t<div id=\"elementor-tab-title-1051\" class=\"elementor-tab-title elementor-tab-desktop-title\" data-tab=\"1\" role=\"tab\" href=\"\" aria-controls=\"elementor-tab-content-1051\"><a href=\"\">Th\u00e9\u00e2tre<\/a><\/div>\n\t\t\t\t\t\t\t\t\t<div id=\"elementor-tab-title-1052\" class=\"elementor-tab-title elementor-tab-desktop-title\" data-tab=\"2\" role=\"tab\" href=\"\" aria-controls=\"elementor-tab-content-1052\"><a href=\"\">Semaine d\u00e9couverte<\/a><\/div>\n\t\t\t\t\t\t\t<\/div>\n\t\t\t<div class=\"elementor-tabs-content-wrapper\">\n\t\t\t\t\t\t\t\t\t<div class=\"elementor-tab-title elementor-tab-mobile-title\" data-tab=\"1\" role=\"tab\">Th\u00e9\u00e2tre<\/div>\n\t\t\t\t\t<div id=\"elementor-tab-content-1051\" class=\"elementor-tab-content elementor-clearfix\" data-tab=\"1\" role=\"tabpanel\" aria-labelledby=\"elementor-tab-title-1051\"><p><img decoding=\"async\" loading=\"lazy\" class=\" wp-image-516 alignleft\" src=\"http:\/\/www.diagramme-web.fr\/pontdebeauvoisin\/wp-content\/uploads\/2018\/09\/THEATRE002-225x300.jpg\" alt=\"\" width=\"213\" height=\"284\" srcset=\"http:\/\/www.diagramme-web.fr\/pontdebeauvoisin\/wp-content\/uploads\/2018\/09\/THEATRE002-225x300.jpg 225w, http:\/\/www.diagramme-web.fr\/pontdebeauvoisin\/wp-content\/uploads\/2018\/09\/THEATRE002.jpg 486w\" sizes=\"(max-width: 213px) 100vw, 213px\" \/><\/p><p class=\"p1\">Cette ann\u00e9e, sous la houlette de Christian MICOUD, la troupe des 80 \u00e9l\u00e8ves du coll\u00e8ge a pr\u00e9sent\u00e9 \u00ab\u202f1789, Les Amants de la R\u00e9volution\u202f\u00bb. Color\u00e9e, dynamique, la mise en sc\u00e8ne a s\u00e9duit les spectateurs et le jeu des acteurs a montr\u00e9 que l\u2019on peut r\u00e9ussir un travail d\u2019une telle ampleur lorsque le talent et l\u2019\u00e9nergie sont guid\u00e9s habilement. Un grand bravo \u00e0 toute la troupe et \u00e0 son animateur\u2009!<\/p><p><img decoding=\"async\" loading=\"lazy\" class=\"alignleft wp-image-515 size-full\" src=\"http:\/\/www.diagramme-web.fr\/pontdebeauvoisin\/wp-content\/uploads\/2018\/09\/THEATRE001.jpg\" alt=\"\" width=\"818\" height=\"613\" srcset=\"http:\/\/www.diagramme-web.fr\/pontdebeauvoisin\/wp-content\/uploads\/2018\/09\/THEATRE001.jpg 818w, http:\/\/www.diagramme-web.fr\/pontdebeauvoisin\/wp-content\/uploads\/2018\/09\/THEATRE001-300x225.jpg 300w, http:\/\/www.diagramme-web.fr\/pontdebeauvoisin\/wp-content\/uploads\/2018\/09\/THEATRE001-768x576.jpg 768w\" sizes=\"(max-width: 818px) 100vw, 818px\" \/><\/p><\/div>\n\t\t\t\t\t\t\t\t\t<div class=\"elementor-tab-title elementor-tab-mobile-title\" data-tab=\"2\" role=\"tab\">Semaine d\u00e9couverte<\/div>\n\t\t\t\t\t<div id=\"elementor-tab-content-1052\" class=\"elementor-tab-content elementor-clearfix\" data-tab=\"2\" role=\"tabpanel\" aria-labelledby=\"elementor-tab-title-1052\"><p class=\"p1\">Du lundi 12 mars 2018 au vendredi 16 mars 2018 a eu lieu la 13<sup>\u00e8me<\/sup> \u00e9dition de la \u00ab\u202fSemaine D\u00e9couverte\u202f\u00bb durant laquelle les \u00e9l\u00e8ves de 4<sup>\u00e8me<\/sup>, 3<sup>\u00e8me <\/sup>et 5<sup>\u00e8me<\/sup> latinistes sont partis en voyage linguistique tandis que les autres \u00e9l\u00e8ves sont rest\u00e9s au sein du coll\u00e8ge et ont b\u00e9n\u00e9fici\u00e9 d\u2019une semaine am\u00e9nag\u00e9e.<\/p><p class=\"p1\">Cette ann\u00e9e, les \u00e9l\u00e8ves ont travaill\u00e9 autour du th\u00e8me \u00ab\u202fnature, patrimoine, environnement\u202f\u00bb en 6<sup>\u00e8me<\/sup> et \u00ab\u202fla relation\u202f\u00bb en 5<sup>\u00e8me<\/sup>.<\/p><p class=\"p1\"><strong>Pour les 6<sup>\u00e8mes<\/sup>, deux sorties scolaires ont \u00e9t\u00e9 organis\u00e9es\u2009:<\/strong><\/p><ul style=\"list-style-type: circle;\"><li class=\"p1\">une journ\u00e9e au lac d\u2019Aiguebelette afin de s\u2019initier \u00e0 l\u2019aviron, puis une balade avec un guide nature et enfin r\u00e9soudre une \u00e9nigme lors de la visite de la Maison du Lac.<\/li><li class=\"p1\">une autre journ\u00e9e \u00e0 Grenoble pour visiter le mus\u00e9e Dauphinois avec une visite guid\u00e9e sur \u00ab\u202fles gens de l\u2019Alpe\u202f\u00bb et le mus\u00e9um d\u2019Histoire Naturelle avec un atelier sur les fossiles.<br class=\"Apple-interchange-newline\" \/><img decoding=\"async\" loading=\"lazy\" class=\"wp-image-512 size-full aligncenter\" src=\"http:\/\/www.diagramme-web.fr\/pontdebeauvoisin\/wp-content\/uploads\/2018\/09\/DECOUV001.jpg\" alt=\"\" width=\"486\" height=\"364\" srcset=\"http:\/\/www.diagramme-web.fr\/pontdebeauvoisin\/wp-content\/uploads\/2018\/09\/DECOUV001.jpg 486w, http:\/\/www.diagramme-web.fr\/pontdebeauvoisin\/wp-content\/uploads\/2018\/09\/DECOUV001-300x225.jpg 300w\" sizes=\"(max-width: 486px) 100vw, 486px\" \/><\/li><\/ul><p class=\"p1\">Pour les 5<sup>\u00e8mes<\/sup> (non-latinistes), une visite au Mus\u00e9e Lumi\u00e8re de Lyon a permis aux \u00e9l\u00e8ves de d\u00e9couvrir le monde du cin\u00e9ma, de son invention jusqu\u2019\u00e0 nos jours. Ils ont pu \u00e9galement s\u2019initier au langage cin\u00e9matographique \u00e0 travers des extraits de films anciens ou modernes.<\/p><p><img decoding=\"async\" loading=\"lazy\" class=\"wp-image-513 size-full aligncenter\" src=\"http:\/\/www.diagramme-web.fr\/pontdebeauvoisin\/wp-content\/uploads\/2018\/09\/DECOUV002.jpg\" alt=\"\" width=\"335\" height=\"224\" srcset=\"http:\/\/www.diagramme-web.fr\/pontdebeauvoisin\/wp-content\/uploads\/2018\/09\/DECOUV002.jpg 335w, http:\/\/www.diagramme-web.fr\/pontdebeauvoisin\/wp-content\/uploads\/2018\/09\/DECOUV002-300x201.jpg 300w\" sizes=\"(max-width: 335px) 100vw, 335px\" \/><\/p><p class=\"p1\"><strong>Le reste du temps, les \u00e9l\u00e8ves ont particip\u00e9 \u00e0 des cours et des ateliers\u2009:<\/strong><\/p><p><img decoding=\"async\" loading=\"lazy\" class=\"size-medium wp-image-514 alignright\" src=\"http:\/\/www.diagramme-web.fr\/pontdebeauvoisin\/wp-content\/uploads\/2018\/09\/DECOUV003.jpg\" alt=\"\" width=\"224\" height=\"149\" \/><\/p><ul style=\"list-style-type: circle;\"><li class=\"p1\">les 6<sup>\u00e8mes<\/sup>, en math\u00e9matiques, ont travaill\u00e9 sur le nombre d\u2019or que l\u2019on peut retrouver dans la nature et en SVT un atelier sur \u00ab\u202fl\u2019eau\u202f\u00bb.<\/li><li class=\"p1\">les 5<sup>\u00e8mes<\/sup> ont r\u00e9alis\u00e9 des sketches en fran\u00e7ais et en anglais qu\u2019ils ont mis en sc\u00e8ne au th\u00e9\u00e2tre\u2009; ils ont \u00e9galement appris \u00e0 \u00eatre plus responsables dans leurs comportements \u00e0 travers des activit\u00e9s handisports et s\u00e9curit\u00e9 routi\u00e8re.<\/li><\/ul><\/div>\n\t\t\t\t\t\t\t<\/div>\n\t\t<\/div>\n\t\t\t\t<\/div>\n\t\t\t\t<\/div>\n\t\t\t\t\t\t<\/div>\n\t\t\t<\/div>\n\t\t<\/div>\n\t\t\t\t<div data-id=\"fd5eb9d\" class=\"elementor-element elementor-element-fd5eb9d elementor-column elementor-col-33 elementor-top-column\" data-element_type=\"column\">\n\t\t\t<div class=\"elementor-column-wrap elementor-element-populated\">\n\t\t\t\t\t<div class=\"elementor-widget-wrap\">\n\t\t\t\t<div data-id=\"d89e163\" class=\"elementor-element elementor-element-d89e163 elementor-view-stacked elementor-shape-circle elementor-widget elementor-widget-icon\" data-element_type=\"icon.default\">\n\t\t\t\t<div class=\"elementor-widget-container\">\n\t\t\t\t\t<div class=\"elementor-icon-wrapper\">\n\t\t\t<div class=\"elementor-icon\">\n\t\t\t\t<i class=\"fa fa-external-link\" aria-hidden=\"true\"><\/i>\n\t\t\t<\/div>\n\t\t<\/div>\n\t\t\t\t<\/div>\n\t\t\t\t<\/div>\n\t\t\t\t<div data-id=\"6b53403\" class=\"elementor-element elementor-element-6b53403 elementor-widget elementor-widget-heading\" data-element_type=\"heading.default\">\n\t\t\t\t<div class=\"elementor-widget-container\">\n\t\t\t<h2 class=\"elementor-heading-title elementor-size-default\">Liens utiles<\/h2>\t\t<\/div>\n\t\t\t\t<\/div>\n\t\t\t\t<div data-id=\"fbc7aba\" class=\"elementor-element elementor-element-fbc7aba elementor-widget elementor-widget-spacer\" data-element_type=\"spacer.default\">\n\t\t\t\t<div class=\"elementor-widget-container\">\n\t\t\t\t\t<div class=\"elementor-spacer\">\n\t\t\t<div class=\"elementor-spacer-inner\"><\/div>\n\t\t<\/div>\n\t\t\t\t<\/div>\n\t\t\t\t<\/div>\n\t\t\t\t<div data-id=\"861ad21\" class=\"elementor-element elementor-element-861ad21 elementor-button-info elementor-align-center elementor-widget elementor-widget-button\" data-element_type=\"button.default\">\n\t\t\t\t<div class=\"elementor-widget-container\">\n\t\t\t\t\t<div class=\"elementor-button-wrapper\">\n\t\t\t<a href=\"#\" class=\"elementor-button-link elementor-button elementor-size-md\" role=\"button\">\n\t\t\t\t\t\t<span class=\"elementor-button-content-wrapper\">\n\t\t\t\t\t\t<span class=\"elementor-button-icon elementor-align-icon-left\">\n\t\t\t\t<i class=\"fa fa-pencil\" aria-hidden=\"true\"><\/i>\n\t\t\t<\/span>\n\t\t\t\t\t\t<span class=\"elementor-button-text\">Blog Arts Plastiques<\/span>\n\t\t<\/span>\n\t\t\t\t\t<\/a>\n\t\t<\/div>\n\t\t\t\t<\/div>\n\t\t\t\t<\/div>\n\t\t\t\t\t\t<\/div>\n\t\t\t<\/div>\n\t\t<\/div>\n\t\t\t\t\t\t<\/div>\n\t\t\t<\/div>\n\t\t<\/section>\n\t\t\t\t\t\t<\/div>\n\t\t\t<\/div>\n\t\t<\/div>\n\t\t","protected":false},"excerpt":{"rendered":"<p>Th\u00e9\u00e2tre Semaine d\u00e9couverte Th\u00e9\u00e2tre Cette ann\u00e9e, sous la houlette de Christian MICOUD, la troupe des 80 \u00e9l\u00e8ves du coll\u00e8ge a pr\u00e9sent\u00e9 \u00ab\u202f1789, Les Amants de la R\u00e9volution\u202f\u00bb. Color\u00e9e, dynamique, la mise en sc\u00e8ne a s\u00e9duit les spectateurs et le jeu des acteurs a montr\u00e9 que l\u2019on peut r\u00e9ussir un travail d\u2019une telle ampleur lorsque le [&hellip;]<\/p>\n","protected":false},"author":1,"featured_media":0,"parent":12,"menu_order":0,"comment_status":"closed","ping_status":"closed","template":"","meta":[],"_links":{"self":[{"href":"http:\/\/www.diagramme-web.fr\/pontdebeauvoisin\/wp-json\/wp\/v2\/pages\/273"}],"collection":[{"href":"http:\/\/www.diagramme-web.fr\/pontdebeauvoisin\/wp-json\/wp\/v2\/pages"}],"about":[{"href":"http:\/\/www.diagramme-web.fr\/pontdebeauvoisin\/wp-json\/wp\/v2\/types\/page"}],"author":[{"embeddable":true,"href":"http:\/\/www.diagramme-web.fr\/pontdebeauvoisin\/wp-json\/wp\/v2\/users\/1"}],"replies":[{"embeddable":true,"href":"http:\/\/www.diagramme-web.fr\/pontdebeauvoisin\/wp-json\/wp\/v2\/comments?post=273"}],"version-history":[{"count":5,"href":"http:\/\/www.diagramme-web.fr\/pontdebeauvoisin\/wp-json\/wp\/v2\/pages\/273\/revisions"}],"predecessor-version":[{"id":1053,"href":"http:\/\/www.diagramme-web.fr\/pontdebeauvoisin\/wp-json\/wp\/v2\/pages\/273\/revisions\/1053"}],"up":[{"embeddable":true,"href":"http:\/\/www.diagramme-web.fr\/pontdebeauvoisin\/wp-json\/wp\/v2\/pages\/12"}],"wp:attachment":[{"href":"http:\/\/www.diagramme-web.fr\/pontdebeauvoisin\/wp-json\/wp\/v2\/media?parent=273"}],"curies":[{"name":"wp","href":"https:\/\/api.w.org\/{rel}","templated":true}]}}