{"id":277,"date":"2018-03-08T12:10:30","date_gmt":"2018-03-08T11:10:30","guid":{"rendered":"http:\/\/www.diagramme-web.fr\/pontdebeauvoisin\/?page_id=277"},"modified":"2018-11-19T09:12:12","modified_gmt":"2018-11-19T08:12:12","slug":"resultats-aux-examens","status":"publish","type":"page","link":"http:\/\/www.diagramme-web.fr\/pontdebeauvoisin\/college-jeanne-darc\/resultats-aux-examens\/","title":{"rendered":"R\u00e9sultats aux examens"},"content":{"rendered":"\t\t<div class=\"elementor elementor-277\">\n\t\t\t<div class=\"elementor-inner\">\n\t\t\t\t<div class=\"elementor-section-wrap\">\n\t\t\t\t\t\t\t<section data-id=\"a74933a\" class=\"elementor-element elementor-element-a74933a elementor-section-boxed elementor-section-height-default elementor-section-height-default elementor-section elementor-top-section\" data-element_type=\"section\">\n\t\t\t\t\t\t<div class=\"elementor-container elementor-column-gap-default\">\n\t\t\t\t<div class=\"elementor-row\">\n\t\t\t\t<div data-id=\"dd8f1eb\" class=\"elementor-element elementor-element-dd8f1eb elementor-column elementor-col-50 elementor-top-column\" data-element_type=\"column\">\n\t\t\t<div class=\"elementor-column-wrap elementor-element-populated\">\n\t\t\t\t\t<div class=\"elementor-widget-wrap\">\n\t\t\t\t<div data-id=\"c93af0e\" class=\"elementor-element elementor-element-c93af0e elementor-widget elementor-widget-text-editor\" data-element_type=\"text-editor.default\">\n\t\t\t\t<div class=\"elementor-widget-container\">\n\t\t\t\t\t<div class=\"elementor-text-editor elementor-clearfix\"><h3 style=\"text-align: center;\">En juin 2018,<\/h3><h3 style=\"text-align: center;\"><span style=\"color: #cf606f;\"><strong>98.75 %<\/strong> de r\u00e9ussite au Brevet des coll\u00e8ges<\/span><\/h3><h3 style=\"text-align: center;\">avec 66 mentions sur 79 brevets obtenus.<\/h3><h3 style=\"text-align: center;\">F\u00e9licitations aux \u00e9l\u00e8ves et \u00e0 l\u2019\u00e9quipe qui les a accompagn\u00e9s tout au long de leurs ann\u00e9es coll\u00e8ge\u00a0!<\/h3><\/div>\n\t\t\t\t<\/div>\n\t\t\t\t<\/div>\n\t\t\t\t\t\t<\/div>\n\t\t\t<\/div>\n\t\t<\/div>\n\t\t\t\t<div data-id=\"5766e36\" class=\"elementor-element elementor-element-5766e36 elementor-column elementor-col-50 elementor-top-column\" data-element_type=\"column\">\n\t\t\t<div class=\"elementor-column-wrap elementor-element-populated\">\n\t\t\t\t\t<div class=\"elementor-widget-wrap\">\n\t\t\t\t<div data-id=\"baa3276\" class=\"elementor-element elementor-element-baa3276 elementor-widget elementor-widget-image\" data-element_type=\"image.default\">\n\t\t\t\t<div class=\"elementor-widget-container\">\n\t\t\t\t\t<div class=\"elementor-image\">\n\t\t\t\t\t\t\t\t\t\t<img width=\"1024\" height=\"589\" src=\"http:\/\/www.diagramme-web.fr\/pontdebeauvoisin\/wp-content\/uploads\/2018\/09\/DNB001test-1024x589.jpg\" class=\"attachment-large size-large\" alt=\"Les r\u00e9sultats du Brevet des coll\u00e8ges Jeanne d&#039;Arc\" decoding=\"async\" loading=\"lazy\" srcset=\"http:\/\/www.diagramme-web.fr\/pontdebeauvoisin\/wp-content\/uploads\/2018\/09\/DNB001test.jpg 1024w, http:\/\/www.diagramme-web.fr\/pontdebeauvoisin\/wp-content\/uploads\/2018\/09\/DNB001test-300x173.jpg 300w, http:\/\/www.diagramme-web.fr\/pontdebeauvoisin\/wp-content\/uploads\/2018\/09\/DNB001test-768x442.jpg 768w\" sizes=\"(max-width: 1024px) 100vw, 1024px\" \/>\t\t\t\t\t\t\t\t\t\t\t<\/div>\n\t\t\t\t<\/div>\n\t\t\t\t<\/div>\n\t\t\t\t\t\t<\/div>\n\t\t\t<\/div>\n\t\t<\/div>\n\t\t\t\t\t\t<\/div>\n\t\t\t<\/div>\n\t\t<\/section>\n\t\t\t\t\t\t<\/div>\n\t\t\t<\/div>\n\t\t<\/div>\n\t\t","protected":false},"excerpt":{"rendered":"<p>En juin 2018, 98.75 % de r\u00e9ussite au Brevet des coll\u00e8ges avec 66 mentions sur 79 brevets obtenus. F\u00e9licitations aux \u00e9l\u00e8ves et \u00e0 l\u2019\u00e9quipe qui les a accompagn\u00e9s tout au long de leurs ann\u00e9es coll\u00e8ge\u00a0!<\/p>\n","protected":false},"author":1,"featured_media":0,"parent":12,"menu_order":0,"comment_status":"closed","ping_status":"closed","template":"","meta":[],"_links":{"self":[{"href":"http:\/\/www.diagramme-web.fr\/pontdebeauvoisin\/wp-json\/wp\/v2\/pages\/277"}],"collection":[{"href":"http:\/\/www.diagramme-web.fr\/pontdebeauvoisin\/wp-json\/wp\/v2\/pages"}],"about":[{"href":"http:\/\/www.diagramme-web.fr\/pontdebeauvoisin\/wp-json\/wp\/v2\/types\/page"}],"author":[{"embeddable":true,"href":"http:\/\/www.diagramme-web.fr\/pontdebeauvoisin\/wp-json\/wp\/v2\/users\/1"}],"replies":[{"embeddable":true,"href":"http:\/\/www.diagramme-web.fr\/pontdebeauvoisin\/wp-json\/wp\/v2\/comments?post=277"}],"version-history":[{"count":3,"href":"http:\/\/www.diagramme-web.fr\/pontdebeauvoisin\/wp-json\/wp\/v2\/pages\/277\/revisions"}],"predecessor-version":[{"id":1057,"href":"http:\/\/www.diagramme-web.fr\/pontdebeauvoisin\/wp-json\/wp\/v2\/pages\/277\/revisions\/1057"}],"up":[{"embeddable":true,"href":"http:\/\/www.diagramme-web.fr\/pontdebeauvoisin\/wp-json\/wp\/v2\/pages\/12"}],"wp:attachment":[{"href":"http:\/\/www.diagramme-web.fr\/pontdebeauvoisin\/wp-json\/wp\/v2\/media?parent=277"}],"curies":[{"name":"wp","href":"https:\/\/api.w.org\/{rel}","templated":true}]}}