{"id":340,"date":"2018-03-08T16:28:44","date_gmt":"2018-03-08T15:28:44","guid":{"rendered":"http:\/\/www.diagramme-web.fr\/pontdebeauvoisin\/?page_id=340"},"modified":"2018-11-19T15:24:52","modified_gmt":"2018-11-19T14:24:52","slug":"restauration","status":"publish","type":"page","link":"http:\/\/www.diagramme-web.fr\/pontdebeauvoisin\/informations-pratiques\/restauration\/","title":{"rendered":"Restauration"},"content":{"rendered":"\t\t<div class=\"elementor elementor-340\">\n\t\t\t<div class=\"elementor-inner\">\n\t\t\t\t<div class=\"elementor-section-wrap\">\n\t\t\t\t\t\t\t<section data-id=\"251ca81\" class=\"elementor-element elementor-element-251ca81 elementor-section-boxed elementor-section-height-default elementor-section-height-default elementor-section elementor-top-section\" data-element_type=\"section\">\n\t\t\t\t\t\t<div class=\"elementor-container elementor-column-gap-default\">\n\t\t\t\t<div class=\"elementor-row\">\n\t\t\t\t<div data-id=\"032f94f\" class=\"elementor-element elementor-element-032f94f elementor-column elementor-col-100 elementor-top-column\" data-element_type=\"column\">\n\t\t\t<div class=\"elementor-column-wrap elementor-element-populated\">\n\t\t\t\t\t<div class=\"elementor-widget-wrap\">\n\t\t\t\t<div data-id=\"45e6993\" class=\"elementor-element elementor-element-45e6993 elementor-tabs-view-vertical elementor-widget elementor-widget-tabs\" data-element_type=\"tabs.default\">\n\t\t\t\t<div class=\"elementor-widget-container\">\n\t\t\t\t\t<div class=\"elementor-tabs\" role=\"tablist\">\n\t\t\t<div class=\"elementor-tabs-wrapper\">\n\t\t\t\t\t\t\t\t\t<div id=\"elementor-tab-title-7321\" class=\"elementor-tab-title elementor-tab-desktop-title\" data-tab=\"1\" role=\"tab\" href=\"\" aria-controls=\"elementor-tab-content-7321\"><a href=\"\">...\u00e0 l'\u00e9cole Notre Dame du Rosaire<\/a><\/div>\n\t\t\t\t\t\t\t\t\t<div id=\"elementor-tab-title-7322\" class=\"elementor-tab-title elementor-tab-desktop-title\" data-tab=\"2\" role=\"tab\" href=\"\" aria-controls=\"elementor-tab-content-7322\"><a href=\"\">...\u00e0 l'\u00e9cole Jeanne d'Arc<\/a><\/div>\n\t\t\t\t\t\t\t\t\t<div id=\"elementor-tab-title-7323\" class=\"elementor-tab-title elementor-tab-desktop-title\" data-tab=\"3\" role=\"tab\" href=\"\" aria-controls=\"elementor-tab-content-7323\"><a href=\"\">...au coll\u00e8ge Jeanne d'Arc<\/a><\/div>\n\t\t\t\t\t\t\t\t\t<div id=\"elementor-tab-title-7324\" class=\"elementor-tab-title elementor-tab-desktop-title\" data-tab=\"4\" role=\"tab\" href=\"\" aria-controls=\"elementor-tab-content-7324\"><a href=\"\">Menu<\/a><\/div>\n\t\t\t\t\t\t\t\t\t<div id=\"elementor-tab-title-7325\" class=\"elementor-tab-title elementor-tab-desktop-title\" data-tab=\"5\" role=\"tab\" href=\"\" aria-controls=\"elementor-tab-content-7325\"><a href=\"\">Allergies<\/a><\/div>\n\t\t\t\t\t\t\t\t\t<div id=\"elementor-tab-title-7326\" class=\"elementor-tab-title elementor-tab-desktop-title\" data-tab=\"6\" role=\"tab\" href=\"\" aria-controls=\"elementor-tab-content-7326\"><a href=\"\">Animations<\/a><\/div>\n\t\t\t\t\t\t\t<\/div>\n\t\t\t<div class=\"elementor-tabs-content-wrapper\">\n\t\t\t\t\t\t\t\t\t<div class=\"elementor-tab-title elementor-tab-mobile-title\" data-tab=\"1\" role=\"tab\">...\u00e0 l'\u00e9cole Notre Dame du Rosaire<\/div>\n\t\t\t\t\t<div id=\"elementor-tab-content-7321\" class=\"elementor-tab-content elementor-clearfix\" data-tab=\"1\" role=\"tabpanel\" aria-labelledby=\"elementor-tab-title-7321\"><h4>UTILE !<\/h4><p><strong>Les menus de la cantine sont disponibles sur \u00ab <a href=\"http:\/\/www.diagramme-web.fr\/pontdebeauvoisin\/informations-pratiques\/service-complice\/\">Service complice<\/a> \u00bb :<\/strong><\/p><ol><li>dans le bandeau bleu (tout en haut), cliquez sur <strong>\u00ab\u00a0Calendrier\u00a0\u00bb<\/strong> ;<\/li><li>tout en bas, dans le bandeau bleu, cliquez sur <strong>\u00ab\u00a0Information menus\u00a0\u00bb<\/strong>. Vous t\u00e9l\u00e9chargerez alors les menus du mois en cours.<\/li><\/ol><p style=\"text-align: right;\"><em>Les enseignantes, la directrice <\/em><\/p><\/div>\n\t\t\t\t\t\t\t\t\t<div class=\"elementor-tab-title elementor-tab-mobile-title\" data-tab=\"2\" role=\"tab\">...\u00e0 l'\u00e9cole Jeanne d'Arc<\/div>\n\t\t\t\t\t<div id=\"elementor-tab-content-7322\" class=\"elementor-tab-content elementor-clearfix\" data-tab=\"2\" role=\"tabpanel\" aria-labelledby=\"elementor-tab-title-7322\"><p>Cliquez sur le bouton modifier pour changer ce texte. Lorem ipsum dolor sit amet, consectetur adipiscing elit. Ut elit tellus, luctus nec ullamcorper mattis, pulvinar dapibus leo.<\/p><\/div>\n\t\t\t\t\t\t\t\t\t<div class=\"elementor-tab-title elementor-tab-mobile-title\" data-tab=\"3\" role=\"tab\">...au coll\u00e8ge Jeanne d'Arc<\/div>\n\t\t\t\t\t<div id=\"elementor-tab-content-7323\" class=\"elementor-tab-content elementor-clearfix\" data-tab=\"3\" role=\"tabpanel\" aria-labelledby=\"elementor-tab-title-7323\"><p><img decoding=\"async\" loading=\"lazy\" class=\"alignnone wp-image-561 size-large\" src=\"http:\/\/www.diagramme-web.fr\/pontdebeauvoisin\/wp-content\/uploads\/2018\/09\/restau-coll2-1024x682.jpg\" alt=\"\" width=\"1024\" height=\"682\" srcset=\"http:\/\/www.diagramme-web.fr\/pontdebeauvoisin\/wp-content\/uploads\/2018\/09\/restau-coll2.jpg 1024w, http:\/\/www.diagramme-web.fr\/pontdebeauvoisin\/wp-content\/uploads\/2018\/09\/restau-coll2-300x200.jpg 300w, http:\/\/www.diagramme-web.fr\/pontdebeauvoisin\/wp-content\/uploads\/2018\/09\/restau-coll2-768x512.jpg 768w\" sizes=\"(max-width: 1024px) 100vw, 1024px\" \/><\/p><p><b>\u00ab\u202fUn nouveau mode de distribution qui responsabilise les \u00e9l\u00e8ves\u202f\u00bb.<\/b><\/p><p class=\"p2\">La soci\u00e9t\u00e9 Mille et Un Repas en est \u00e0 l\u2019origine, apr\u00e8s une r\u00e9flexion appuy\u00e9e sur le constat que les solutions de restauration collective\u00a0classiques conduisent souvent \u00e0 jeter\u2009: le self lin\u00e9aire avec ses multitudes de choix et ses portions toutes faites et trop copieuses entra\u00eene souvent du g\u00e2chis.<\/p><p class=\"p1\"><b>Une autre organisation, un autre comportement\u2009:<\/b><\/p><p class=\"p4\"><span class=\"s1\">Le fonctionnement \u00ab\u202fZ\u00c9RO GASPIL\u202f\u00bb consiste \u00e0 laisser<\/span> <b>l\u2019\u00e9l\u00e8ve se servir lui-m\u00eame des entr\u00e9es, \u00e0 volont\u00e9, avant de prendre avec la m\u00eame assiette un plat chaud (viande ou poisson), servi par le chef, puis de se servir lui-m\u00eame en\u00a0 accompagnements (l\u00e9gumes et f\u00e9culents), \u00e0 volont\u00e9 l\u00e0 aussi.<\/b><\/p><p class=\"p2\"><span class=\"s2\">Seuls desserts et fromages ne sont pas \u00e0 volont\u00e9.<\/span><\/p><p class=\"p1\"><b>L\u2019int\u00e9r\u00eat de ce fonctionnement<\/b><\/p><ul style=\"list-style-type: circle;\"><li class=\"p5\">Les convives mangent \u00e0 leur faim, selon leur app\u00e9tit.<\/li><li class=\"p5\">La fluidit\u00e9 du passage au restaurant est am\u00e9lior\u00e9e.<\/li><li class=\"p5\">Le plat principal est mang\u00e9 CHAUD.<\/li><li class=\"p5\">La convivialit\u00e9 est am\u00e9lior\u00e9e car le personnel de cuisine est pr\u00e9sent en salle et plus derri\u00e8re le self.<\/li><li class=\"p5\">Les gains de mati\u00e8re r\u00e9alis\u00e9s permettent d\u2019augmenter la qualit\u00e9 des produits cuisin\u00e9s (volaille fermi\u00e8re, produits labellis\u00e9s\u2026).<\/li><\/ul><p class=\"p1\"><b>L\u2019apprentissage de la responsabilit\u00e9<\/b><\/p><p class=\"p2\">En contrepartie de cette libert\u00e9 laiss\u00e9e aux \u00e9l\u00e8ves de manger ce qu\u2019ils souhaitent, selon les quantit\u00e9s qu\u2019ils souhaitent, une seule obligation\u2009:<\/p><h4 class=\"p6\"><b>NE RIEN JETER\u2009!<\/b><\/h4><p><img decoding=\"async\" loading=\"lazy\" class=\"alignleft wp-image-560 size-large\" src=\"http:\/\/www.diagramme-web.fr\/pontdebeauvoisin\/wp-content\/uploads\/2018\/09\/restau-coll-1024x768.jpg\" alt=\"\" width=\"1024\" height=\"768\" srcset=\"http:\/\/www.diagramme-web.fr\/pontdebeauvoisin\/wp-content\/uploads\/2018\/09\/restau-coll.jpg 1024w, http:\/\/www.diagramme-web.fr\/pontdebeauvoisin\/wp-content\/uploads\/2018\/09\/restau-coll-300x225.jpg 300w, http:\/\/www.diagramme-web.fr\/pontdebeauvoisin\/wp-content\/uploads\/2018\/09\/restau-coll-768x576.jpg 768w\" sizes=\"(max-width: 1024px) 100vw, 1024px\" \/>\u00a0\u00a0<\/p><\/div>\n\t\t\t\t\t\t\t\t\t<div class=\"elementor-tab-title elementor-tab-mobile-title\" data-tab=\"4\" role=\"tab\">Menu<\/div>\n\t\t\t\t\t<div id=\"elementor-tab-content-7324\" class=\"elementor-tab-content elementor-clearfix\" data-tab=\"4\" role=\"tabpanel\" aria-labelledby=\"elementor-tab-title-7324\"><p>Contenu de l\u2019onglet<\/p><\/div>\n\t\t\t\t\t\t\t\t\t<div class=\"elementor-tab-title elementor-tab-mobile-title\" data-tab=\"5\" role=\"tab\">Allergies<\/div>\n\t\t\t\t\t<div id=\"elementor-tab-content-7325\" class=\"elementor-tab-content elementor-clearfix\" data-tab=\"5\" role=\"tabpanel\" aria-labelledby=\"elementor-tab-title-7325\"><p>Contenu de l\u2019onglet<\/p><\/div>\n\t\t\t\t\t\t\t\t\t<div class=\"elementor-tab-title elementor-tab-mobile-title\" data-tab=\"6\" role=\"tab\">Animations<\/div>\n\t\t\t\t\t<div id=\"elementor-tab-content-7326\" class=\"elementor-tab-content elementor-clearfix\" data-tab=\"6\" role=\"tabpanel\" aria-labelledby=\"elementor-tab-title-7326\"><p>Contenu de l\u2019onglet<\/p><\/div>\n\t\t\t\t\t\t\t<\/div>\n\t\t<\/div>\n\t\t\t\t<\/div>\n\t\t\t\t<\/div>\n\t\t\t\t\t\t<\/div>\n\t\t\t<\/div>\n\t\t<\/div>\n\t\t\t\t\t\t<\/div>\n\t\t\t<\/div>\n\t\t<\/section>\n\t\t\t\t\t\t<\/div>\n\t\t\t<\/div>\n\t\t<\/div>\n\t\t","protected":false},"excerpt":{"rendered":"<p>&#8230;\u00e0 l&rsquo;\u00e9cole Notre Dame du Rosaire &#8230;\u00e0 l&rsquo;\u00e9cole Jeanne d&rsquo;Arc &#8230;au coll\u00e8ge Jeanne d&rsquo;Arc Menu Allergies Animations &#8230;\u00e0 l&rsquo;\u00e9cole Notre Dame du Rosaire UTILE ! Les menus de la cantine sont disponibles sur \u00ab Service complice \u00bb : dans le bandeau bleu (tout en haut), cliquez sur \u00ab\u00a0Calendrier\u00a0\u00bb ; tout en bas, dans le bandeau [&hellip;]<\/p>\n","protected":false},"author":1,"featured_media":0,"parent":15,"menu_order":0,"comment_status":"closed","ping_status":"closed","template":"","meta":[],"_links":{"self":[{"href":"http:\/\/www.diagramme-web.fr\/pontdebeauvoisin\/wp-json\/wp\/v2\/pages\/340"}],"collection":[{"href":"http:\/\/www.diagramme-web.fr\/pontdebeauvoisin\/wp-json\/wp\/v2\/pages"}],"about":[{"href":"http:\/\/www.diagramme-web.fr\/pontdebeauvoisin\/wp-json\/wp\/v2\/types\/page"}],"author":[{"embeddable":true,"href":"http:\/\/www.diagramme-web.fr\/pontdebeauvoisin\/wp-json\/wp\/v2\/users\/1"}],"replies":[{"embeddable":true,"href":"http:\/\/www.diagramme-web.fr\/pontdebeauvoisin\/wp-json\/wp\/v2\/comments?post=340"}],"version-history":[{"count":12,"href":"http:\/\/www.diagramme-web.fr\/pontdebeauvoisin\/wp-json\/wp\/v2\/pages\/340\/revisions"}],"predecessor-version":[{"id":1109,"href":"http:\/\/www.diagramme-web.fr\/pontdebeauvoisin\/wp-json\/wp\/v2\/pages\/340\/revisions\/1109"}],"up":[{"embeddable":true,"href":"http:\/\/www.diagramme-web.fr\/pontdebeauvoisin\/wp-json\/wp\/v2\/pages\/15"}],"wp:attachment":[{"href":"http:\/\/www.diagramme-web.fr\/pontdebeauvoisin\/wp-json\/wp\/v2\/media?parent=340"}],"curies":[{"name":"wp","href":"https:\/\/api.w.org\/{rel}","templated":true}]}}