{"id":18,"date":"2018-03-06T11:45:19","date_gmt":"2018-03-06T10:45:19","guid":{"rendered":"http:\/\/www.diagramme-web.fr\/pontdebeauvoisin\/?page_id=18"},"modified":"2018-11-21T13:33:17","modified_gmt":"2018-11-21T12:33:17","slug":"accueil","status":"publish","type":"page","link":"https:\/\/www.diagramme-web.fr\/pontdebeauvoisin\/","title":{"rendered":"Accueil"},"content":{"rendered":"\t\t<div class=\"elementor elementor-18\">\n\t\t\t<div class=\"elementor-inner\">\n\t\t\t\t<div class=\"elementor-section-wrap\">\n\t\t\t\t\t\t\t<section data-id=\"73d1946\" class=\"elementor-element elementor-element-73d1946 elementor-section-full_width elementor-section-height-min-height elementor-section-content-middle elementor-section-items-stretch elementor-section-height-default elementor-section elementor-top-section\" data-element_type=\"section\">\n\t\t\t\t\t\t<div class=\"elementor-container elementor-column-gap-default\">\n\t\t\t\t<div class=\"elementor-row\">\n\t\t\t\t<div data-id=\"86dcdd3\" class=\"elementor-element elementor-element-86dcdd3 elementor-column elementor-col-33 elementor-top-column\" data-element_type=\"column\">\n\t\t\t<div class=\"elementor-column-wrap elementor-element-populated\">\n\t\t\t\t\t<div class=\"elementor-widget-wrap\">\n\t\t\t\t<div data-id=\"01e291e\" class=\"elementor-element elementor-element-01e291e elementor-widget elementor-widget-image\" data-element_type=\"image.default\">\n\t\t\t\t<div class=\"elementor-widget-container\">\n\t\t\t\t\t<div class=\"elementor-image\">\n\t\t\t\t\t\t\t\t\t\t\t<a href=\"http:\/\/www.jda-rosaire.fr\/ecole-jeanne-darc\/presentation\/\" data-elementor-open-lightbox=\"\">\n\t\t\t\t\t\t\t<img width=\"343\" height=\"216\" src=\"https:\/\/www.diagramme-web.fr\/pontdebeauvoisin\/wp-content\/uploads\/2018\/03\/logo-ecolejd.png\" class=\"elementor-animation-shrink attachment-full size-full\" alt=\"Logo de l&#039;\u00e9cole Jeanne d&#039;Arc Pont de Beauvoisin\" decoding=\"async\" loading=\"lazy\" srcset=\"https:\/\/www.diagramme-web.fr\/pontdebeauvoisin\/wp-content\/uploads\/2018\/03\/logo-ecolejd.png 343w, https:\/\/www.diagramme-web.fr\/pontdebeauvoisin\/wp-content\/uploads\/2018\/03\/logo-ecolejd-300x189.png 300w\" sizes=\"(max-width: 343px) 100vw, 343px\" \/>\t\t\t\t\t\t\t\t<\/a>\n\t\t\t\t\t\t\t\t\t\t\t<\/div>\n\t\t\t\t<\/div>\n\t\t\t\t<\/div>\n\t\t\t\t<div data-id=\"8d30ee3\" class=\"elementor-element elementor-element-8d30ee3 elementor-widget elementor-widget-spacer\" data-element_type=\"spacer.default\">\n\t\t\t\t<div class=\"elementor-widget-container\">\n\t\t\t\t\t<div class=\"elementor-spacer\">\n\t\t\t<div class=\"elementor-spacer-inner\"><\/div>\n\t\t<\/div>\n\t\t\t\t<\/div>\n\t\t\t\t<\/div>\n\t\t\t\t<div data-id=\"a17fcc0\" class=\"elementor-element elementor-element-a17fcc0 elementor-widget elementor-widget-heading\" data-element_type=\"heading.default\">\n\t\t\t\t<div class=\"elementor-widget-container\">\n\t\t\t<h2 class=\"elementor-heading-title elementor-size-default\"><a href=\"http:\/\/diagramme-web.fr\/pontdebeauvoisin\/ecole-jeanne-darc\/\">Vers le site de l'\u00e9cole<\/a><\/h2>\t\t<\/div>\n\t\t\t\t<\/div>\n\t\t\t\t\t\t<\/div>\n\t\t\t<\/div>\n\t\t<\/div>\n\t\t\t\t<div data-id=\"0255a47\" class=\"elementor-element elementor-element-0255a47 elementor-column elementor-col-33 elementor-top-column\" data-element_type=\"column\">\n\t\t\t<div class=\"elementor-column-wrap elementor-element-populated\">\n\t\t\t\t\t<div class=\"elementor-widget-wrap\">\n\t\t\t\t<div data-id=\"8c7630f\" class=\"elementor-element elementor-element-8c7630f elementor-widget elementor-widget-image\" data-element_type=\"image.default\">\n\t\t\t\t<div class=\"elementor-widget-container\">\n\t\t\t\t\t<div class=\"elementor-image\">\n\t\t\t\t\t\t\t\t\t\t\t<a href=\"http:\/\/diagramme-web.fr\/pontdebeauvoisin\/ecole-dame-rosaire\/presentation\" data-elementor-open-lightbox=\"\">\n\t\t\t\t\t\t\t<img width=\"343\" height=\"216\" src=\"https:\/\/www.diagramme-web.fr\/pontdebeauvoisin\/wp-content\/uploads\/2018\/03\/logo-rosaire.png\" class=\"elementor-animation-shrink attachment-full size-full\" alt=\"Logo de l&#039;\u00e9cole Notre Dame du Rosaire Chimilin\" decoding=\"async\" loading=\"lazy\" srcset=\"https:\/\/www.diagramme-web.fr\/pontdebeauvoisin\/wp-content\/uploads\/2018\/03\/logo-rosaire.png 343w, https:\/\/www.diagramme-web.fr\/pontdebeauvoisin\/wp-content\/uploads\/2018\/03\/logo-rosaire-300x189.png 300w\" sizes=\"(max-width: 343px) 100vw, 343px\" \/>\t\t\t\t\t\t\t\t<\/a>\n\t\t\t\t\t\t\t\t\t\t\t<\/div>\n\t\t\t\t<\/div>\n\t\t\t\t<\/div>\n\t\t\t\t<div data-id=\"51129f5\" class=\"elementor-element elementor-element-51129f5 elementor-widget elementor-widget-spacer\" data-element_type=\"spacer.default\">\n\t\t\t\t<div class=\"elementor-widget-container\">\n\t\t\t\t\t<div class=\"elementor-spacer\">\n\t\t\t<div class=\"elementor-spacer-inner\"><\/div>\n\t\t<\/div>\n\t\t\t\t<\/div>\n\t\t\t\t<\/div>\n\t\t\t\t<div data-id=\"a6df826\" class=\"elementor-element elementor-element-a6df826 elementor-widget elementor-widget-heading\" data-element_type=\"heading.default\">\n\t\t\t\t<div class=\"elementor-widget-container\">\n\t\t\t<h2 class=\"elementor-heading-title elementor-size-default\"><a href=\"http:\/\/diagramme-web.fr\/pontdebeauvoisin\/ecole-dame-rosaire\/\">Vers le site de l'\u00e9cole<\/a><\/h2>\t\t<\/div>\n\t\t\t\t<\/div>\n\t\t\t\t\t\t<\/div>\n\t\t\t<\/div>\n\t\t<\/div>\n\t\t\t\t<div data-id=\"c31e0b7\" class=\"elementor-element elementor-element-c31e0b7 elementor-column elementor-col-33 elementor-top-column\" data-element_type=\"column\">\n\t\t\t<div class=\"elementor-column-wrap elementor-element-populated\">\n\t\t\t\t\t<div class=\"elementor-widget-wrap\">\n\t\t\t\t<div data-id=\"eaa0319\" class=\"elementor-element elementor-element-eaa0319 elementor-widget elementor-widget-image\" data-element_type=\"image.default\">\n\t\t\t\t<div class=\"elementor-widget-container\">\n\t\t\t\t\t<div class=\"elementor-image\">\n\t\t\t\t\t\t\t\t\t\t\t<a href=\"http:\/\/diagramme-web.fr\/pontdebeauvoisin\/college-jeanne-darc\/presentation\" data-elementor-open-lightbox=\"\">\n\t\t\t\t\t\t\t<img width=\"343\" height=\"216\" src=\"https:\/\/www.diagramme-web.fr\/pontdebeauvoisin\/wp-content\/uploads\/2018\/03\/logo-collegejda.png\" class=\"elementor-animation-shrink attachment-full size-full\" alt=\"Logo du coll\u00e8ge Jeanne d&#039;Arc Pont de Beauvoisin\" decoding=\"async\" loading=\"lazy\" srcset=\"https:\/\/www.diagramme-web.fr\/pontdebeauvoisin\/wp-content\/uploads\/2018\/03\/logo-collegejda.png 343w, https:\/\/www.diagramme-web.fr\/pontdebeauvoisin\/wp-content\/uploads\/2018\/03\/logo-collegejda-300x189.png 300w\" sizes=\"(max-width: 343px) 100vw, 343px\" \/>\t\t\t\t\t\t\t\t<\/a>\n\t\t\t\t\t\t\t\t\t\t\t<\/div>\n\t\t\t\t<\/div>\n\t\t\t\t<\/div>\n\t\t\t\t<div data-id=\"eeda6f6\" class=\"elementor-element elementor-element-eeda6f6 elementor-widget elementor-widget-spacer\" data-element_type=\"spacer.default\">\n\t\t\t\t<div class=\"elementor-widget-container\">\n\t\t\t\t\t<div class=\"elementor-spacer\">\n\t\t\t<div class=\"elementor-spacer-inner\"><\/div>\n\t\t<\/div>\n\t\t\t\t<\/div>\n\t\t\t\t<\/div>\n\t\t\t\t<div data-id=\"f48e30b\" class=\"elementor-element elementor-element-f48e30b elementor-widget elementor-widget-heading\" data-element_type=\"heading.default\">\n\t\t\t\t<div class=\"elementor-widget-container\">\n\t\t\t<h2 class=\"elementor-heading-title elementor-size-default\"><a href=\"http:\/\/diagramme-web.fr\/pontdebeauvoisin\/college-jeanne-darc\/\">Vers le site du coll\u00e8ge<\/a><\/h2>\t\t<\/div>\n\t\t\t\t<\/div>\n\t\t\t\t\t\t<\/div>\n\t\t\t<\/div>\n\t\t<\/div>\n\t\t\t\t\t\t<\/div>\n\t\t\t<\/div>\n\t\t<\/section>\n\t\t\t\t<section data-id=\"0329691\" class=\"elementor-element elementor-element-0329691 elementor-section-full_width elementor-section-content-top elementor-section-height-default elementor-section-height-default elementor-section elementor-top-section\" data-settings=\"{&quot;background_background&quot;:&quot;classic&quot;}\" data-element_type=\"section\">\n\t\t\t\t\t\t<div class=\"elementor-container elementor-column-gap-default\">\n\t\t\t\t<div class=\"elementor-row\">\n\t\t\t\t<div data-id=\"bf2c7c3\" class=\"elementor-element elementor-element-bf2c7c3 elementor-column elementor-col-100 elementor-top-column\" data-element_type=\"column\">\n\t\t\t<div class=\"elementor-column-wrap elementor-element-populated\">\n\t\t\t\t\t<div class=\"elementor-widget-wrap\">\n\t\t\t\t<div data-id=\"113f961\" class=\"elementor-element elementor-element-113f961 elementor-widget elementor-widget-text-editor\" data-element_type=\"text-editor.default\">\n\t\t\t\t<div class=\"elementor-widget-container\">\n\t\t\t\t\t<div class=\"elementor-text-editor elementor-clearfix\"><h1 style=\"text-align: center;\">Bienvenue sur le site de l&rsquo;ensemble scolaire Rosaire &#8211; Jeanne d&rsquo;Arc<\/h1><p><span style=\"font-size: 14pt;\">Reflet de la vie de notre communaut\u00e9 \u00e9ducative, vous trouverez sur ce site toutes les informations relatives \u00e0 notre \u00e9tablissement : son organisation, sa vie, ses projets.<\/span><\/p><p><span style=\"font-size: 14pt;\">Vous d\u00e9couvrirez que l&rsquo;expression \u00ab \u00e9cole ouverte \u00bb prend tout son sens, pour les plus petits comme pour les plus grands : une ouverture sur l&rsquo;environnement local, r\u00e9gional ou national, une ouverture sur l&rsquo;Europe.<\/span><\/p><p><span style=\"font-size: 14pt;\">Etablissement catholique d&rsquo;enseignement, soulignons l&rsquo;importance de l&rsquo;existence \u00e0 Jeanne d&rsquo;Arc d&rsquo;une v\u00e9ritable communaut\u00e9 \u00e9ducative, communaut\u00e9 associant les \u00e9l\u00e8ves, le personnel, la Direction, les parents d&rsquo;\u00e9l\u00e8ves (APEL) et les gestionnaires (OGEC). S&rsquo;appuyant sur un projet \u00e9ducatif, des valeurs fortes, et en s&rsquo;adaptant au monde contemporain, elle pourra accomplir demain, comme aujourd&rsquo;hui, sa mission aupr\u00e8s des \u00e9l\u00e8ves.<\/span><\/p><p><span style=\"font-size: 14pt;\"><!-- [if gte mso 10]><\/p>\n<style>\n \/* Style Definitions *\/<br \/> table.MsoNormalTable<br \/>\t{mso-style-name:\"Tableau Normal\";<br \/>\tmso-tstyle-rowband-size:0;<br \/>\tmso-tstyle-colband-size:0;<br \/>\tmso-style-noshow:yes;<br \/>\tmso-style-priority:99;<br \/>\tmso-style-parent:\"\";<br \/>\tmso-padding-alt:0cm 5.4pt 0cm 5.4pt;<br \/>\tmso-para-margin:0cm;<br \/>\tmso-para-margin-bottom:.0001pt;<br \/>\tmso-pagination:widow-orphan;<br \/>\tfont-size:11.0pt;<br \/>\tfont-family:\"Calibri\",sans-serif;<br \/>\tmso-ascii-font-family:Calibri;<br \/>\tmso-ascii-theme-font:minor-latin;<br \/>\tmso-hansi-font-family:Calibri;<br \/>\tmso-hansi-theme-font:minor-latin;<br \/>\tmso-bidi-font-family:\"Times New Roman\";<br \/>\tmso-bidi-theme-font:minor-bidi;<br \/>\tmso-fareast-language:EN-US;}<br \/><\/style>\n<p><![endif]--> <!--StartFragment--> <\/span><!--EndFragment--><\/p><\/div>\n\t\t\t\t<\/div>\n\t\t\t\t<\/div>\n\t\t\t\t<section data-id=\"d9d9bdc\" class=\"elementor-element elementor-element-d9d9bdc elementor-section-full_width elementor-section-height-min-height elementor-section-content-top elementor-section-height-default elementor-section elementor-inner-section\" data-element_type=\"section\">\n\t\t\t\t\t\t<div class=\"elementor-container elementor-column-gap-no\">\n\t\t\t\t<div class=\"elementor-row\">\n\t\t\t\t<div data-id=\"e263929\" class=\"elementor-element elementor-element-e263929 elementor-column elementor-col-33 elementor-inner-column\" data-element_type=\"column\">\n\t\t\t<div class=\"elementor-column-wrap elementor-element-populated\">\n\t\t\t\t\t<div class=\"elementor-widget-wrap\">\n\t\t\t\t<div data-id=\"17d3f74\" class=\"elementor-element elementor-element-17d3f74 elementor-widget elementor-widget-text-editor\" data-element_type=\"text-editor.default\">\n\t\t\t\t<div class=\"elementor-widget-container\">\n\t\t\t\t\t<div class=\"elementor-text-editor elementor-clearfix\"><p><strong>Charlotte CHARLES,<\/strong><br \/><em>Directrice de l\u2019\u00e9cole Notre Dame du Rosaire<\/em><\/p><\/div>\n\t\t\t\t<\/div>\n\t\t\t\t<\/div>\n\t\t\t\t\t\t<\/div>\n\t\t\t<\/div>\n\t\t<\/div>\n\t\t\t\t<div data-id=\"2a12736\" class=\"elementor-element elementor-element-2a12736 elementor-column elementor-col-33 elementor-inner-column\" data-element_type=\"column\">\n\t\t\t<div class=\"elementor-column-wrap elementor-element-populated\">\n\t\t\t\t\t<div class=\"elementor-widget-wrap\">\n\t\t\t\t<div data-id=\"28c5124\" class=\"elementor-element elementor-element-28c5124 elementor-widget elementor-widget-text-editor\" data-element_type=\"text-editor.default\">\n\t\t\t\t<div class=\"elementor-widget-container\">\n\t\t\t\t\t<div class=\"elementor-text-editor elementor-clearfix\"><p><strong>Sophie GANTELMI d&rsquo;ILLE,<\/strong><br \/><em>Directrice de l&rsquo;\u00e9cole Jeanne d&rsquo;Arc<!--EndFragment-->\u00a0 \u00a0\u00a0<\/em><\/p><\/div>\n\t\t\t\t<\/div>\n\t\t\t\t<\/div>\n\t\t\t\t\t\t<\/div>\n\t\t\t<\/div>\n\t\t<\/div>\n\t\t\t\t<div data-id=\"6c679fb\" class=\"elementor-element elementor-element-6c679fb elementor-column elementor-col-33 elementor-inner-column\" data-element_type=\"column\">\n\t\t\t<div class=\"elementor-column-wrap elementor-element-populated\">\n\t\t\t\t\t<div class=\"elementor-widget-wrap\">\n\t\t\t\t<div data-id=\"1f5fb5c\" class=\"elementor-element elementor-element-1f5fb5c elementor-widget elementor-widget-text-editor\" data-element_type=\"text-editor.default\">\n\t\t\t\t<div class=\"elementor-widget-container\">\n\t\t\t\t\t<div class=\"elementor-text-editor elementor-clearfix\"><p><strong>\u00c9lisabeth PERROTIN,<\/strong><br \/><em>Chef d&rsquo;\u00c9tablissement du coll\u00e8ge Jeanne d&rsquo;Arc,<br \/>Coordinatrice de l&rsquo;ensemble scolaire<\/em><\/p><\/div>\n\t\t\t\t<\/div>\n\t\t\t\t<\/div>\n\t\t\t\t\t\t<\/div>\n\t\t\t<\/div>\n\t\t<\/div>\n\t\t\t\t\t\t<\/div>\n\t\t\t<\/div>\n\t\t<\/section>\n\t\t\t\t\t\t<\/div>\n\t\t\t<\/div>\n\t\t<\/div>\n\t\t\t\t\t\t<\/div>\n\t\t\t<\/div>\n\t\t<\/section>\n\t\t\t\t\t\t<\/div>\n\t\t\t<\/div>\n\t\t<\/div>\n\t\t","protected":false},"excerpt":{"rendered":"<p>Vers le site de l&rsquo;\u00e9cole Vers le site de l&rsquo;\u00e9cole Vers le site du coll\u00e8ge Bienvenue sur le site de l&rsquo;ensemble scolaire Rosaire &#8211; Jeanne d&rsquo;Arc Reflet de la vie de notre communaut\u00e9 \u00e9ducative, vous trouverez sur ce site toutes les informations relatives \u00e0 notre \u00e9tablissement : son organisation, sa vie, ses projets. Vous d\u00e9couvrirez [&hellip;]<\/p>\n","protected":false},"author":1,"featured_media":0,"parent":0,"menu_order":0,"comment_status":"closed","ping_status":"closed","template":"","meta":[],"_links":{"self":[{"href":"https:\/\/www.diagramme-web.fr\/pontdebeauvoisin\/wp-json\/wp\/v2\/pages\/18"}],"collection":[{"href":"https:\/\/www.diagramme-web.fr\/pontdebeauvoisin\/wp-json\/wp\/v2\/pages"}],"about":[{"href":"https:\/\/www.diagramme-web.fr\/pontdebeauvoisin\/wp-json\/wp\/v2\/types\/page"}],"author":[{"embeddable":true,"href":"https:\/\/www.diagramme-web.fr\/pontdebeauvoisin\/wp-json\/wp\/v2\/users\/1"}],"replies":[{"embeddable":true,"href":"https:\/\/www.diagramme-web.fr\/pontdebeauvoisin\/wp-json\/wp\/v2\/comments?post=18"}],"version-history":[{"count":77,"href":"https:\/\/www.diagramme-web.fr\/pontdebeauvoisin\/wp-json\/wp\/v2\/pages\/18\/revisions"}],"predecessor-version":[{"id":1124,"href":"https:\/\/www.diagramme-web.fr\/pontdebeauvoisin\/wp-json\/wp\/v2\/pages\/18\/revisions\/1124"}],"wp:attachment":[{"href":"https:\/\/www.diagramme-web.fr\/pontdebeauvoisin\/wp-json\/wp\/v2\/media?parent=18"}],"curies":[{"name":"wp","href":"https:\/\/api.w.org\/{rel}","templated":true}]}}