{"id":246,"date":"2018-03-08T11:36:16","date_gmt":"2018-03-08T10:36:16","guid":{"rendered":"http:\/\/www.diagramme-web.fr\/pontdebeauvoisin\/?page_id=246"},"modified":"2018-11-19T09:36:37","modified_gmt":"2018-11-19T08:36:37","slug":"pastorale-cjda","status":"publish","type":"page","link":"https:\/\/www.diagramme-web.fr\/pontdebeauvoisin\/college-jeanne-darc\/pastorale-cjda\/","title":{"rendered":"Pastorale au Coll\u00e8ge Jeanne d&rsquo;Arc"},"content":{"rendered":"\t\t<div class=\"elementor elementor-246\">\n\t\t\t<div class=\"elementor-inner\">\n\t\t\t\t<div class=\"elementor-section-wrap\">\n\t\t\t\t\t\t\t<section data-id=\"dd5b9dd\" class=\"elementor-element elementor-element-dd5b9dd elementor-section-boxed elementor-section-height-default elementor-section-height-default elementor-section elementor-top-section\" data-element_type=\"section\">\n\t\t\t\t\t\t<div class=\"elementor-container elementor-column-gap-default\">\n\t\t\t\t<div class=\"elementor-row\">\n\t\t\t\t<div data-id=\"11e8c24\" class=\"elementor-element elementor-element-11e8c24 elementor-column elementor-col-100 elementor-top-column\" data-element_type=\"column\">\n\t\t\t<div class=\"elementor-column-wrap elementor-element-populated\">\n\t\t\t\t\t<div class=\"elementor-widget-wrap\">\n\t\t\t\t<div data-id=\"9246634\" class=\"elementor-element elementor-element-9246634 elementor-widget elementor-widget-text-editor\" data-element_type=\"text-editor.default\">\n\t\t\t\t<div class=\"elementor-widget-container\">\n\t\t\t\t\t<div class=\"elementor-text-editor elementor-clearfix\"><p>L\u2019animation pastorale au coll\u00e8ge se traduit en 6<sup>\u00e8me<\/sup> avec la mise en place de temps de r\u00e9flexion. R\u00e9partis en demi-classe, pris en charge par des professeurs, les \u00e9l\u00e8ves ont pu r\u00e9fl\u00e9chir sur diff\u00e9rents th\u00e8mes vecteurs de valeurs humaines ou de connaissances culturelles\u2009: vivre ensemble, la solidarit\u00e9, l\u2019amiti\u00e9, la tradition des v\u0153ux, le sens des f\u00eates chr\u00e9tiennes\u2009: la Toussaint, No\u00ebl, P\u00e2ques.<\/p><\/div>\n\t\t\t\t<\/div>\n\t\t\t\t<\/div>\n\t\t\t\t\t\t<\/div>\n\t\t\t<\/div>\n\t\t<\/div>\n\t\t\t\t\t\t<\/div>\n\t\t\t<\/div>\n\t\t<\/section>\n\t\t\t\t<section data-id=\"b60cc59\" class=\"elementor-element elementor-element-b60cc59 elementor-section-boxed elementor-section-height-default elementor-section-height-default elementor-section elementor-top-section\" data-element_type=\"section\">\n\t\t\t\t\t\t<div class=\"elementor-container elementor-column-gap-default\">\n\t\t\t\t<div class=\"elementor-row\">\n\t\t\t\t<div data-id=\"05745df\" class=\"elementor-element elementor-element-05745df elementor-column elementor-col-100 elementor-top-column\" data-element_type=\"column\">\n\t\t\t<div class=\"elementor-column-wrap elementor-element-populated\">\n\t\t\t\t\t<div class=\"elementor-widget-wrap\">\n\t\t\t\t<div data-id=\"59b1ceb\" class=\"elementor-element elementor-element-59b1ceb elementor-widget elementor-widget-heading\" data-element_type=\"heading.default\">\n\t\t\t\t<div class=\"elementor-widget-container\">\n\t\t\t<h2 class=\"elementor-heading-title elementor-size-default\">C\u00e9l\u00e9bration de rentr\u00e9e<\/h2>\t\t<\/div>\n\t\t\t\t<\/div>\n\t\t\t\t\t\t<\/div>\n\t\t\t<\/div>\n\t\t<\/div>\n\t\t\t\t\t\t<\/div>\n\t\t\t<\/div>\n\t\t<\/section>\n\t\t\t\t<section data-id=\"0a79635\" class=\"elementor-element elementor-element-0a79635 elementor-section-boxed elementor-section-height-default elementor-section-height-default elementor-section elementor-top-section\" data-element_type=\"section\">\n\t\t\t\t\t\t<div class=\"elementor-container elementor-column-gap-default\">\n\t\t\t\t<div class=\"elementor-row\">\n\t\t\t\t<div data-id=\"50c3660\" class=\"elementor-element elementor-element-50c3660 elementor-column elementor-col-33 elementor-top-column\" data-element_type=\"column\">\n\t\t\t<div class=\"elementor-column-wrap elementor-element-populated\">\n\t\t\t\t\t<div class=\"elementor-widget-wrap\">\n\t\t\t\t<div data-id=\"e416f3e\" class=\"elementor-element elementor-element-e416f3e elementor-widget elementor-widget-text-editor\" data-element_type=\"text-editor.default\">\n\t\t\t\t<div class=\"elementor-widget-container\">\n\t\t\t\t\t<div class=\"elementor-text-editor elementor-clearfix\"><p>Fin septembre, autour de M<sup>me<\/sup> GAUVIN, Animatrice en Pastorale, les \u00e9l\u00e8ves ont particip\u00e9 \u00e0 la C\u00e9l\u00e9bration de rentr\u00e9e durant laquelle ils se sont engag\u00e9s sur un point particulier \u00e0 tenir durant l\u2019ann\u00e9e\u2009: \u00ab\u202f<em>je ne me disputerai pas avec Camille<\/em>\u202f\u00bb, \u00ab\u202f<em>je vais poser des questions en classe<\/em>\u202f\u00bb, \u00ab\u202f<em>je l\u00e8verai le doigt pour participer<\/em>\u202f\u00bb. Jeanne d\u2019Arc \u00e9tait \u00e0 l\u2019honneur et les \u00e9l\u00e8ves ont chant\u00e9 avec enthousiasme pour f\u00eater cette nouvelle ann\u00e9e scolaire.<\/p><\/div>\n\t\t\t\t<\/div>\n\t\t\t\t<\/div>\n\t\t\t\t\t\t<\/div>\n\t\t\t<\/div>\n\t\t<\/div>\n\t\t\t\t<div data-id=\"67a52d2\" class=\"elementor-element elementor-element-67a52d2 elementor-column elementor-col-33 elementor-top-column\" data-element_type=\"column\">\n\t\t\t<div class=\"elementor-column-wrap elementor-element-populated\">\n\t\t\t\t\t<div class=\"elementor-widget-wrap\">\n\t\t\t\t<div data-id=\"33dc9b9\" class=\"elementor-element elementor-element-33dc9b9 elementor-widget elementor-widget-image\" data-element_type=\"image.default\">\n\t\t\t\t<div class=\"elementor-widget-container\">\n\t\t\t\t\t<div class=\"elementor-image\">\n\t\t\t\t\t\t\t\t\t\t<img width=\"1024\" height=\"576\" src=\"https:\/\/www.diagramme-web.fr\/pontdebeauvoisin\/wp-content\/uploads\/2018\/09\/celebration-de-rentree.jpg\" class=\"attachment-full size-full\" alt=\"C\u00e9l\u00e9bration de rentr\u00e9e Coll\u00e8ge Jeanne d&#039;Arc Pont de Beauvoisin\" decoding=\"async\" loading=\"lazy\" srcset=\"https:\/\/www.diagramme-web.fr\/pontdebeauvoisin\/wp-content\/uploads\/2018\/09\/celebration-de-rentree.jpg 1024w, https:\/\/www.diagramme-web.fr\/pontdebeauvoisin\/wp-content\/uploads\/2018\/09\/celebration-de-rentree-300x169.jpg 300w, https:\/\/www.diagramme-web.fr\/pontdebeauvoisin\/wp-content\/uploads\/2018\/09\/celebration-de-rentree-768x432.jpg 768w\" sizes=\"(max-width: 1024px) 100vw, 1024px\" \/>\t\t\t\t\t\t\t\t\t\t\t<\/div>\n\t\t\t\t<\/div>\n\t\t\t\t<\/div>\n\t\t\t\t\t\t<\/div>\n\t\t\t<\/div>\n\t\t<\/div>\n\t\t\t\t<div data-id=\"7e2326f\" class=\"elementor-element elementor-element-7e2326f elementor-column elementor-col-33 elementor-top-column\" data-element_type=\"column\">\n\t\t\t<div class=\"elementor-column-wrap elementor-element-populated\">\n\t\t\t\t\t<div class=\"elementor-widget-wrap\">\n\t\t\t\t<div data-id=\"c3af4ce\" class=\"elementor-element elementor-element-c3af4ce elementor-widget elementor-widget-image\" data-element_type=\"image.default\">\n\t\t\t\t<div class=\"elementor-widget-container\">\n\t\t\t\t\t<div class=\"elementor-image\">\n\t\t\t\t\t\t\t\t\t\t<img width=\"1024\" height=\"575\" src=\"https:\/\/www.diagramme-web.fr\/pontdebeauvoisin\/wp-content\/uploads\/2018\/09\/celebration-de-rentree2-1024x575.jpg\" class=\"attachment-large size-large\" alt=\"Pastorale C\u00e9l\u00e9bration de rentr\u00e9e Coll\u00e8ge Jeanne d&#039;Arc Pont de Beauvoisin\" decoding=\"async\" loading=\"lazy\" srcset=\"https:\/\/www.diagramme-web.fr\/pontdebeauvoisin\/wp-content\/uploads\/2018\/09\/celebration-de-rentree2.jpg 1024w, https:\/\/www.diagramme-web.fr\/pontdebeauvoisin\/wp-content\/uploads\/2018\/09\/celebration-de-rentree2-300x168.jpg 300w, https:\/\/www.diagramme-web.fr\/pontdebeauvoisin\/wp-content\/uploads\/2018\/09\/celebration-de-rentree2-768x431.jpg 768w\" sizes=\"(max-width: 1024px) 100vw, 1024px\" \/>\t\t\t\t\t\t\t\t\t\t\t<\/div>\n\t\t\t\t<\/div>\n\t\t\t\t<\/div>\n\t\t\t\t\t\t<\/div>\n\t\t\t<\/div>\n\t\t<\/div>\n\t\t\t\t\t\t<\/div>\n\t\t\t<\/div>\n\t\t<\/section>\n\t\t\t\t\t\t<\/div>\n\t\t\t<\/div>\n\t\t<\/div>\n\t\t","protected":false},"excerpt":{"rendered":"<p>L\u2019animation pastorale au coll\u00e8ge se traduit en 6\u00e8me avec la mise en place de temps de r\u00e9flexion. R\u00e9partis en demi-classe, pris en charge par des professeurs, les \u00e9l\u00e8ves ont pu r\u00e9fl\u00e9chir sur diff\u00e9rents th\u00e8mes vecteurs de valeurs humaines ou de connaissances culturelles\u2009: vivre ensemble, la solidarit\u00e9, l\u2019amiti\u00e9, la tradition des v\u0153ux, le sens des f\u00eates [&hellip;]<\/p>\n","protected":false},"author":1,"featured_media":0,"parent":12,"menu_order":0,"comment_status":"closed","ping_status":"closed","template":"","meta":[],"_links":{"self":[{"href":"https:\/\/www.diagramme-web.fr\/pontdebeauvoisin\/wp-json\/wp\/v2\/pages\/246"}],"collection":[{"href":"https:\/\/www.diagramme-web.fr\/pontdebeauvoisin\/wp-json\/wp\/v2\/pages"}],"about":[{"href":"https:\/\/www.diagramme-web.fr\/pontdebeauvoisin\/wp-json\/wp\/v2\/types\/page"}],"author":[{"embeddable":true,"href":"https:\/\/www.diagramme-web.fr\/pontdebeauvoisin\/wp-json\/wp\/v2\/users\/1"}],"replies":[{"embeddable":true,"href":"https:\/\/www.diagramme-web.fr\/pontdebeauvoisin\/wp-json\/wp\/v2\/comments?post=246"}],"version-history":[{"count":6,"href":"https:\/\/www.diagramme-web.fr\/pontdebeauvoisin\/wp-json\/wp\/v2\/pages\/246\/revisions"}],"predecessor-version":[{"id":1062,"href":"https:\/\/www.diagramme-web.fr\/pontdebeauvoisin\/wp-json\/wp\/v2\/pages\/246\/revisions\/1062"}],"up":[{"embeddable":true,"href":"https:\/\/www.diagramme-web.fr\/pontdebeauvoisin\/wp-json\/wp\/v2\/pages\/12"}],"wp:attachment":[{"href":"https:\/\/www.diagramme-web.fr\/pontdebeauvoisin\/wp-json\/wp\/v2\/media?parent=246"}],"curies":[{"name":"wp","href":"https:\/\/api.w.org\/{rel}","templated":true}]}}