{"id":275,"date":"2018-03-08T12:03:25","date_gmt":"2018-03-08T11:03:25","guid":{"rendered":"http:\/\/www.diagramme-web.fr\/pontdebeauvoisin\/?page_id=275"},"modified":"2018-11-19T09:21:54","modified_gmt":"2018-11-19T08:21:54","slug":"voyages-et-echanges","status":"publish","type":"page","link":"https:\/\/www.diagramme-web.fr\/pontdebeauvoisin\/college-jeanne-darc\/voyages-et-echanges\/","title":{"rendered":"Voyages et \u00e9changes"},"content":{"rendered":"\t\t<div class=\"elementor elementor-275\">\n\t\t\t<div class=\"elementor-inner\">\n\t\t\t\t<div class=\"elementor-section-wrap\">\n\t\t\t\t\t\t\t<section data-id=\"0dba3a3\" class=\"elementor-element elementor-element-0dba3a3 elementor-section-boxed elementor-section-height-default elementor-section-height-default elementor-section elementor-top-section\" data-element_type=\"section\">\n\t\t\t\t\t\t<div class=\"elementor-container elementor-column-gap-default\">\n\t\t\t\t<div class=\"elementor-row\">\n\t\t\t\t<div data-id=\"f348b58\" class=\"elementor-element elementor-element-f348b58 elementor-column elementor-col-100 elementor-top-column\" data-element_type=\"column\">\n\t\t\t<div class=\"elementor-column-wrap elementor-element-populated\">\n\t\t\t\t\t<div class=\"elementor-widget-wrap\">\n\t\t\t\t<div data-id=\"baac843\" class=\"elementor-element elementor-element-baac843 elementor-widget elementor-widget-spacer\" data-element_type=\"spacer.default\">\n\t\t\t\t<div class=\"elementor-widget-container\">\n\t\t\t\t\t<div class=\"elementor-spacer\">\n\t\t\t<div class=\"elementor-spacer-inner\"><\/div>\n\t\t<\/div>\n\t\t\t\t<\/div>\n\t\t\t\t<\/div>\n\t\t\t\t\t\t<\/div>\n\t\t\t<\/div>\n\t\t<\/div>\n\t\t\t\t\t\t<\/div>\n\t\t\t<\/div>\n\t\t<\/section>\n\t\t\t\t<section data-id=\"29467f1\" class=\"elementor-element elementor-element-29467f1 elementor-section-boxed elementor-section-height-default elementor-section-height-default elementor-section elementor-top-section\" data-element_type=\"section\">\n\t\t\t\t\t\t<div class=\"elementor-container elementor-column-gap-default\">\n\t\t\t\t<div class=\"elementor-row\">\n\t\t\t\t<div data-id=\"4ad7679\" class=\"elementor-element elementor-element-4ad7679 elementor-column elementor-col-25 elementor-top-column\" data-element_type=\"column\">\n\t\t\t<div class=\"elementor-column-wrap elementor-element-populated\">\n\t\t\t\t\t<div class=\"elementor-widget-wrap\">\n\t\t\t\t<div data-id=\"e6ceae1\" class=\"elementor-element elementor-element-e6ceae1 elementor-widget elementor-widget-image\" data-element_type=\"image.default\">\n\t\t\t\t<div class=\"elementor-widget-container\">\n\t\t\t\t\t<div class=\"elementor-image\">\n\t\t\t\t\t\t\t\t\t\t<img width=\"240\" height=\"320\" src=\"https:\/\/www.diagramme-web.fr\/pontdebeauvoisin\/wp-content\/uploads\/2018\/09\/GB002.jpg\" class=\"attachment-full size-full\" alt=\"Les \u00e9l\u00e8ves du Coll\u00e8ge Jeanne d&#039;Arc en voyage en Grande Bretagne\" decoding=\"async\" loading=\"lazy\" srcset=\"https:\/\/www.diagramme-web.fr\/pontdebeauvoisin\/wp-content\/uploads\/2018\/09\/GB002.jpg 240w, https:\/\/www.diagramme-web.fr\/pontdebeauvoisin\/wp-content\/uploads\/2018\/09\/GB002-225x300.jpg 225w\" sizes=\"(max-width: 240px) 100vw, 240px\" \/>\t\t\t\t\t\t\t\t\t\t\t<\/div>\n\t\t\t\t<\/div>\n\t\t\t\t<\/div>\n\t\t\t\t\t\t<\/div>\n\t\t\t<\/div>\n\t\t<\/div>\n\t\t\t\t<div data-id=\"e33909c\" class=\"elementor-element elementor-element-e33909c elementor-column elementor-col-50 elementor-top-column\" data-element_type=\"column\">\n\t\t\t<div class=\"elementor-column-wrap elementor-element-populated\">\n\t\t\t\t\t<div class=\"elementor-widget-wrap\">\n\t\t\t\t<div data-id=\"4fd277e\" class=\"elementor-element elementor-element-4fd277e elementor-widget elementor-widget-heading\" data-element_type=\"heading.default\">\n\t\t\t\t<div class=\"elementor-widget-container\">\n\t\t\t<h2 class=\"elementor-heading-title elementor-size-default\">Voyage en Grande-Bretagne<\/h2>\t\t<\/div>\n\t\t\t\t<\/div>\n\t\t\t\t<div data-id=\"6cc7740\" class=\"elementor-element elementor-element-6cc7740 elementor-widget elementor-widget-spacer\" data-element_type=\"spacer.default\">\n\t\t\t\t<div class=\"elementor-widget-container\">\n\t\t\t\t\t<div class=\"elementor-spacer\">\n\t\t\t<div class=\"elementor-spacer-inner\"><\/div>\n\t\t<\/div>\n\t\t\t\t<\/div>\n\t\t\t\t<\/div>\n\t\t\t\t<div data-id=\"01acb45\" class=\"elementor-element elementor-element-01acb45 elementor-widget elementor-widget-text-editor\" data-element_type=\"text-editor.default\">\n\t\t\t\t<div class=\"elementor-widget-container\">\n\t\t\t\t\t<div class=\"elementor-text-editor elementor-clearfix\"><p>Apr\u00e8s un voyage en car, les \u00e9l\u00e8ves profitent de la ville de Canterbury sous un soleil inattendu. Puis c\u2019est le premier soir et la premi\u00e8re impression au contact des familles\u2009: premier repas, premi\u00e8re nuit et English breakfast \u00e0 l\u2019aube du 2<sup>\u00e8me<\/sup> jour.<\/p><p>Les journ\u00e9es s\u2019encha\u00eenent vite\u2009: les docks, Leeds, Londres et toujours une m\u00e9t\u00e9o tr\u00e8s favorable\u2009! Des bateaux, des ch\u00e2teaux et\u2026 des chapeaux\u2009! Ils voudraient plus de libert\u00e9 mais appr\u00e9cient de nous savoir pas trop loin\u2009: pouvoir nous expliquer \u00e0 quel point leur pocket lunch est bizarre ou que l\u2019eau chaude n\u2019est pas du bon c\u00f4t\u00e9\u2026<\/p><p>Un dernier jour \u00e0 Hastings, ses ruines, ses plages\u2026 et toujours le soleil\u2009! L\u2019impatience se fait sentir, les jambes sont lourdes, les t\u00eates remplies de souvenirs\u2026 les valises aussi.<\/p><\/div>\n\t\t\t\t<\/div>\n\t\t\t\t<\/div>\n\t\t\t\t\t\t<\/div>\n\t\t\t<\/div>\n\t\t<\/div>\n\t\t\t\t<div data-id=\"38bd2e0\" class=\"elementor-element elementor-element-38bd2e0 elementor-column elementor-col-25 elementor-top-column\" data-element_type=\"column\">\n\t\t\t<div class=\"elementor-column-wrap elementor-element-populated\">\n\t\t\t\t\t<div class=\"elementor-widget-wrap\">\n\t\t\t\t<div data-id=\"cf340f1\" class=\"elementor-element elementor-element-cf340f1 elementor-widget elementor-widget-image\" data-element_type=\"image.default\">\n\t\t\t\t<div class=\"elementor-widget-container\">\n\t\t\t\t\t<div class=\"elementor-image\">\n\t\t\t\t\t\t\t\t\t\t<img width=\"493\" height=\"660\" src=\"https:\/\/www.diagramme-web.fr\/pontdebeauvoisin\/wp-content\/uploads\/2018\/09\/GB001.jpg\" class=\"attachment-large size-large\" alt=\"Les \u00e9l\u00e8ves du Coll\u00e8ge Jeanne d&#039;Arc en voyage\" decoding=\"async\" loading=\"lazy\" srcset=\"https:\/\/www.diagramme-web.fr\/pontdebeauvoisin\/wp-content\/uploads\/2018\/09\/GB001.jpg 493w, https:\/\/www.diagramme-web.fr\/pontdebeauvoisin\/wp-content\/uploads\/2018\/09\/GB001-224x300.jpg 224w\" sizes=\"(max-width: 493px) 100vw, 493px\" \/>\t\t\t\t\t\t\t\t\t\t\t<\/div>\n\t\t\t\t<\/div>\n\t\t\t\t<\/div>\n\t\t\t\t\t\t<\/div>\n\t\t\t<\/div>\n\t\t<\/div>\n\t\t\t\t\t\t<\/div>\n\t\t\t<\/div>\n\t\t<\/section>\n\t\t\t\t<section data-id=\"a8bbd98\" class=\"elementor-element elementor-element-a8bbd98 elementor-section-boxed elementor-section-height-default elementor-section-height-default elementor-section elementor-top-section\" data-element_type=\"section\">\n\t\t\t\t\t\t<div class=\"elementor-container elementor-column-gap-default\">\n\t\t\t\t<div class=\"elementor-row\">\n\t\t\t\t<div data-id=\"b1bc40e\" class=\"elementor-element elementor-element-b1bc40e elementor-column elementor-col-100 elementor-top-column\" data-element_type=\"column\">\n\t\t\t<div class=\"elementor-column-wrap elementor-element-populated\">\n\t\t\t\t\t<div class=\"elementor-widget-wrap\">\n\t\t\t\t<div data-id=\"da1b719\" class=\"elementor-element elementor-element-da1b719 elementor-widget elementor-widget-divider\" data-element_type=\"divider.default\">\n\t\t\t\t<div class=\"elementor-widget-container\">\n\t\t\t\t\t<div class=\"elementor-divider\">\n\t\t\t<span class=\"elementor-divider-separator\"><\/span>\n\t\t<\/div>\n\t\t\t\t<\/div>\n\t\t\t\t<\/div>\n\t\t\t\t\t\t<\/div>\n\t\t\t<\/div>\n\t\t<\/div>\n\t\t\t\t\t\t<\/div>\n\t\t\t<\/div>\n\t\t<\/section>\n\t\t\t\t<section data-id=\"52cd598\" class=\"elementor-element elementor-element-52cd598 elementor-section-boxed elementor-section-height-default elementor-section-height-default elementor-section elementor-top-section\" data-element_type=\"section\">\n\t\t\t\t\t\t<div class=\"elementor-container elementor-column-gap-default\">\n\t\t\t\t<div class=\"elementor-row\">\n\t\t\t\t<div data-id=\"52f43b4\" class=\"elementor-element elementor-element-52f43b4 elementor-column elementor-col-100 elementor-top-column\" data-element_type=\"column\">\n\t\t\t<div class=\"elementor-column-wrap elementor-element-populated\">\n\t\t\t\t\t<div class=\"elementor-widget-wrap\">\n\t\t\t\t<div data-id=\"c22b379\" class=\"elementor-element elementor-element-c22b379 elementor-widget elementor-widget-heading\" data-element_type=\"heading.default\">\n\t\t\t\t<div class=\"elementor-widget-container\">\n\t\t\t<h2 class=\"elementor-heading-title elementor-size-default\">Voyage \u00e0 Saragosse<\/h2>\t\t<\/div>\n\t\t\t\t<\/div>\n\t\t\t\t<div data-id=\"66e622f\" class=\"elementor-element elementor-element-66e622f elementor-widget elementor-widget-spacer\" data-element_type=\"spacer.default\">\n\t\t\t\t<div class=\"elementor-widget-container\">\n\t\t\t\t\t<div class=\"elementor-spacer\">\n\t\t\t<div class=\"elementor-spacer-inner\"><\/div>\n\t\t<\/div>\n\t\t\t\t<\/div>\n\t\t\t\t<\/div>\n\t\t\t\t<div data-id=\"eaa7714\" class=\"elementor-element elementor-element-eaa7714 elementor-widget elementor-widget-image\" data-element_type=\"image.default\">\n\t\t\t\t<div class=\"elementor-widget-container\">\n\t\t\t\t\t<div class=\"elementor-image\">\n\t\t\t\t\t\t\t\t\t\t<img width=\"1024\" height=\"768\" src=\"https:\/\/www.diagramme-web.fr\/pontdebeauvoisin\/wp-content\/uploads\/2018\/09\/SARAGOSSE001.jpg\" class=\"attachment-full size-full\" alt=\"Les \u00e9l\u00e8ves du Coll\u00e8ge Jeanne d&#039;Arc en voyage \u00e0 Saragosse\" decoding=\"async\" loading=\"lazy\" srcset=\"https:\/\/www.diagramme-web.fr\/pontdebeauvoisin\/wp-content\/uploads\/2018\/09\/SARAGOSSE001.jpg 1024w, https:\/\/www.diagramme-web.fr\/pontdebeauvoisin\/wp-content\/uploads\/2018\/09\/SARAGOSSE001-300x225.jpg 300w, https:\/\/www.diagramme-web.fr\/pontdebeauvoisin\/wp-content\/uploads\/2018\/09\/SARAGOSSE001-768x576.jpg 768w\" sizes=\"(max-width: 1024px) 100vw, 1024px\" \/>\t\t\t\t\t\t\t\t\t\t\t<\/div>\n\t\t\t\t<\/div>\n\t\t\t\t<\/div>\n\t\t\t\t<div data-id=\"d68c0b6\" class=\"elementor-element elementor-element-d68c0b6 elementor-widget elementor-widget-text-editor\" data-element_type=\"text-editor.default\">\n\t\t\t\t<div class=\"elementor-widget-container\">\n\t\t\t\t\t<div class=\"elementor-text-editor elementor-clearfix\"><p class=\"p1\">Dans une bourgade de l\u2019Aragon, dont je veux me rappeler le nom, sont arriv\u00e9s, il n\u2019y a pas si longtemps, 34 \u00e9l\u00e8ves de Jeanne d\u2019arc et 3 accompagnateurs.<\/p><p class=\"p1\">Les uns \u00e9quip\u00e9s de blousons et d\u2019imper, les autres de k-way et parapluies ont affront\u00e9 les caprices de l\u2019Ebre et ses cons\u00e9quences sur la m\u00e9t\u00e9o aragonaise. Nos vaillants \u00e9l\u00e8ves et accompagnateurs ont pass\u00e9 4 jours \u00e0 sillonner Caesar Augusta, autrement dit Saragosse pour les n\u00e9ophytes, \u00e0 visiter entre autres la Basilique Notre Dame du Pilar, le Palais de l\u2019Aljafer\u00eda, haut lieu de l\u2019architecture islamique \u00e0 l\u2019\u00e9poque des Ta\u00effas, et m\u00eame \u00e0 pouvoir marcher sur les traces de Goya \u00e0 travers sa maison natale et son mus\u00e9e d\u00e9di\u00e9.<\/p><p class=\"p1\">Ils auraient pu se battre contre des moulins mais ils ont pr\u00e9f\u00e9r\u00e9 visiter un parc \u00e9olien ainsi qu\u2019une entreprise familiale de production d\u2019huile d\u2019olive, pr\u00e9sente depuis 4 g\u00e9n\u00e9rations.<\/p><p class=\"p1\">Du peu de sommeil et de nombreuses conversations tardives avec les familles, nos \u00e9l\u00e8ves ont fini par s\u2019attacher \u00e0 leur h\u00f4te, tous bien tristes de se quitter \u00e0 la fin du s\u00e9jour.<\/p><\/div>\n\t\t\t\t<\/div>\n\t\t\t\t<\/div>\n\t\t\t\t\t\t<\/div>\n\t\t\t<\/div>\n\t\t<\/div>\n\t\t\t\t\t\t<\/div>\n\t\t\t<\/div>\n\t\t<\/section>\n\t\t\t\t\t\t<\/div>\n\t\t\t<\/div>\n\t\t<\/div>\n\t\t","protected":false},"excerpt":{"rendered":"<p>Voyage en Grande-Bretagne Apr\u00e8s un voyage en car, les \u00e9l\u00e8ves profitent de la ville de Canterbury sous un soleil inattendu. Puis c\u2019est le premier soir et la premi\u00e8re impression au contact des familles\u2009: premier repas, premi\u00e8re nuit et English breakfast \u00e0 l\u2019aube du 2\u00e8me jour. Les journ\u00e9es s\u2019encha\u00eenent vite\u2009: les docks, Leeds, Londres et toujours [&hellip;]<\/p>\n","protected":false},"author":1,"featured_media":0,"parent":12,"menu_order":0,"comment_status":"closed","ping_status":"closed","template":"","meta":[],"_links":{"self":[{"href":"https:\/\/www.diagramme-web.fr\/pontdebeauvoisin\/wp-json\/wp\/v2\/pages\/275"}],"collection":[{"href":"https:\/\/www.diagramme-web.fr\/pontdebeauvoisin\/wp-json\/wp\/v2\/pages"}],"about":[{"href":"https:\/\/www.diagramme-web.fr\/pontdebeauvoisin\/wp-json\/wp\/v2\/types\/page"}],"author":[{"embeddable":true,"href":"https:\/\/www.diagramme-web.fr\/pontdebeauvoisin\/wp-json\/wp\/v2\/users\/1"}],"replies":[{"embeddable":true,"href":"https:\/\/www.diagramme-web.fr\/pontdebeauvoisin\/wp-json\/wp\/v2\/comments?post=275"}],"version-history":[{"count":3,"href":"https:\/\/www.diagramme-web.fr\/pontdebeauvoisin\/wp-json\/wp\/v2\/pages\/275\/revisions"}],"predecessor-version":[{"id":1059,"href":"https:\/\/www.diagramme-web.fr\/pontdebeauvoisin\/wp-json\/wp\/v2\/pages\/275\/revisions\/1059"}],"up":[{"embeddable":true,"href":"https:\/\/www.diagramme-web.fr\/pontdebeauvoisin\/wp-json\/wp\/v2\/pages\/12"}],"wp:attachment":[{"href":"https:\/\/www.diagramme-web.fr\/pontdebeauvoisin\/wp-json\/wp\/v2\/media?parent=275"}],"curies":[{"name":"wp","href":"https:\/\/api.w.org\/{rel}","templated":true}]}}