{"id":87,"date":"2018-03-06T16:26:17","date_gmt":"2018-03-06T15:26:17","guid":{"rendered":"http:\/\/www.diagramme-web.fr\/pontdebeauvoisin\/?page_id=87"},"modified":"2018-11-19T10:44:15","modified_gmt":"2018-11-19T09:44:15","slug":"vie-de-lecole-ndr","status":"publish","type":"page","link":"https:\/\/www.diagramme-web.fr\/pontdebeauvoisin\/ecole-notre-dame-rosaire\/vie-de-lecole-ndr\/","title":{"rendered":"Vie de l&rsquo;\u00e9cole Notre Dame du Rosaire"},"content":{"rendered":"\t\t<div class=\"elementor elementor-87\">\n\t\t\t<div class=\"elementor-inner\">\n\t\t\t\t<div class=\"elementor-section-wrap\">\n\t\t\t\t\t\t\t<section data-id=\"83ff991\" class=\"elementor-element elementor-element-83ff991 elementor-section-boxed elementor-section-height-default elementor-section-height-default elementor-section elementor-top-section\" data-element_type=\"section\">\n\t\t\t\t\t\t<div class=\"elementor-container elementor-column-gap-default\">\n\t\t\t\t<div class=\"elementor-row\">\n\t\t\t\t<div data-id=\"7b769f4\" class=\"elementor-element elementor-element-7b769f4 elementor-column elementor-col-100 elementor-top-column\" data-element_type=\"column\">\n\t\t\t<div class=\"elementor-column-wrap elementor-element-populated\">\n\t\t\t\t\t<div class=\"elementor-widget-wrap\">\n\t\t\t\t<div data-id=\"abce3e8\" class=\"elementor-element elementor-element-abce3e8 elementor-widget elementor-widget-heading\" data-element_type=\"heading.default\">\n\t\t\t\t<div class=\"elementor-widget-container\">\n\t\t\t<h2 class=\"elementor-heading-title elementor-size-default\">Organigramme<\/h2>\t\t<\/div>\n\t\t\t\t<\/div>\n\t\t\t\t\t\t<\/div>\n\t\t\t<\/div>\n\t\t<\/div>\n\t\t\t\t\t\t<\/div>\n\t\t\t<\/div>\n\t\t<\/section>\n\t\t\t\t<section data-id=\"60a4276\" class=\"elementor-element elementor-element-60a4276 elementor-section-content-middle elementor-section-boxed elementor-section-height-default elementor-section-height-default elementor-section elementor-top-section\" data-element_type=\"section\">\n\t\t\t\t\t\t<div class=\"elementor-container elementor-column-gap-default\">\n\t\t\t\t<div class=\"elementor-row\">\n\t\t\t\t<div data-id=\"8195517\" class=\"elementor-element elementor-element-8195517 elementor-column elementor-col-50 elementor-top-column\" data-element_type=\"column\">\n\t\t\t<div class=\"elementor-column-wrap elementor-element-populated\">\n\t\t\t\t\t<div class=\"elementor-widget-wrap\">\n\t\t\t\t<div data-id=\"8b0d3a1\" class=\"elementor-element elementor-element-8b0d3a1 elementor-widget elementor-widget-heading\" data-element_type=\"heading.default\">\n\t\t\t\t<div class=\"elementor-widget-container\">\n\t\t\t<h2 class=\"elementor-heading-title elementor-size-default\">\u00c9ducation Nationale<\/h2>\t\t<\/div>\n\t\t\t\t<\/div>\n\t\t\t\t<div data-id=\"90f0f31\" class=\"elementor-element elementor-element-90f0f31 elementor-widget elementor-widget-text-editor\" data-element_type=\"text-editor.default\">\n\t\t\t\t<div class=\"elementor-widget-container\">\n\t\t\t\t\t<div class=\"elementor-text-editor elementor-clearfix\"><p style=\"text-align: center;\">Respect des programmes<\/p><\/div>\n\t\t\t\t<\/div>\n\t\t\t\t<\/div>\n\t\t\t\t\t\t<\/div>\n\t\t\t<\/div>\n\t\t<\/div>\n\t\t\t\t<div data-id=\"ef8cfee\" class=\"elementor-element elementor-element-ef8cfee elementor-column elementor-col-50 elementor-top-column\" data-element_type=\"column\">\n\t\t\t<div class=\"elementor-column-wrap elementor-element-populated\">\n\t\t\t\t\t<div class=\"elementor-widget-wrap\">\n\t\t\t\t<div data-id=\"77f8fa9\" class=\"elementor-element elementor-element-77f8fa9 elementor-widget elementor-widget-heading\" data-element_type=\"heading.default\">\n\t\t\t\t<div class=\"elementor-widget-container\">\n\t\t\t<h2 class=\"elementor-heading-title elementor-size-default\">D.D.E.C.<\/h2>\t\t<\/div>\n\t\t\t\t<\/div>\n\t\t\t\t<div data-id=\"76d5c5d\" class=\"elementor-element elementor-element-76d5c5d elementor-widget elementor-widget-text-editor\" data-element_type=\"text-editor.default\">\n\t\t\t\t<div class=\"elementor-widget-container\">\n\t\t\t\t\t<div class=\"elementor-text-editor elementor-clearfix\"><p style=\"text-align: center;\">Direction Dioc\u00e9saine de l\u2019enseignement catholique<br \/>Directeur dioc\u00e9sain\u2009:<br \/>M.\u202fPLAIGE J.R.<\/p><\/div>\n\t\t\t\t<\/div>\n\t\t\t\t<\/div>\n\t\t\t\t\t\t<\/div>\n\t\t\t<\/div>\n\t\t<\/div>\n\t\t\t\t\t\t<\/div>\n\t\t\t<\/div>\n\t\t<\/section>\n\t\t\t\t<section data-id=\"fd50b09\" class=\"elementor-element elementor-element-fd50b09 elementor-section-boxed elementor-section-height-default elementor-section-height-default elementor-section elementor-top-section\" data-element_type=\"section\">\n\t\t\t\t\t\t<div class=\"elementor-container elementor-column-gap-default\">\n\t\t\t\t<div class=\"elementor-row\">\n\t\t\t\t<div data-id=\"f15bbcd\" class=\"elementor-element elementor-element-f15bbcd elementor-column elementor-col-100 elementor-top-column\" data-element_type=\"column\">\n\t\t\t<div class=\"elementor-column-wrap elementor-element-populated\">\n\t\t\t\t\t<div class=\"elementor-widget-wrap\">\n\t\t\t\t<div data-id=\"f1efb77\" class=\"elementor-element elementor-element-f1efb77 elementor-widget elementor-widget-heading\" data-element_type=\"heading.default\">\n\t\t\t\t<div class=\"elementor-widget-container\">\n\t\t\t<h2 class=\"elementor-heading-title elementor-size-default\">\u00c9quipe enseignante<\/h2>\t\t<\/div>\n\t\t\t\t<\/div>\n\t\t\t\t\t\t<\/div>\n\t\t\t<\/div>\n\t\t<\/div>\n\t\t\t\t\t\t<\/div>\n\t\t\t<\/div>\n\t\t<\/section>\n\t\t\t\t<section data-id=\"991d4d1\" class=\"elementor-element elementor-element-991d4d1 elementor-section-content-middle elementor-section-boxed elementor-section-height-default elementor-section-height-default elementor-section elementor-top-section\" data-element_type=\"section\">\n\t\t\t\t\t\t<div class=\"elementor-container elementor-column-gap-default\">\n\t\t\t\t<div class=\"elementor-row\">\n\t\t\t\t<div data-id=\"7987c4c\" class=\"elementor-element elementor-element-7987c4c elementor-column elementor-col-20 elementor-top-column\" data-element_type=\"column\">\n\t\t\t<div class=\"elementor-column-wrap elementor-element-populated\">\n\t\t\t\t\t<div class=\"elementor-widget-wrap\">\n\t\t\t\t<div data-id=\"b876981\" class=\"elementor-element elementor-element-b876981 elementor-widget elementor-widget-text-editor\" data-element_type=\"text-editor.default\">\n\t\t\t\t<div class=\"elementor-widget-container\">\n\t\t\t\t\t<div class=\"elementor-text-editor elementor-clearfix\"><p style=\"text-align: center;\"><em><strong>Classe CM1\/CM2<br \/><\/strong><\/em>Marine BERRIER<\/p><\/div>\n\t\t\t\t<\/div>\n\t\t\t\t<\/div>\n\t\t\t\t\t\t<\/div>\n\t\t\t<\/div>\n\t\t<\/div>\n\t\t\t\t<div data-id=\"924d67d\" class=\"elementor-element elementor-element-924d67d elementor-column elementor-col-20 elementor-top-column\" data-element_type=\"column\">\n\t\t\t<div class=\"elementor-column-wrap elementor-element-populated\">\n\t\t\t\t\t<div class=\"elementor-widget-wrap\">\n\t\t\t\t<div data-id=\"712cd30\" class=\"elementor-element elementor-element-712cd30 elementor-widget elementor-widget-text-editor\" data-element_type=\"text-editor.default\">\n\t\t\t\t<div class=\"elementor-widget-container\">\n\t\t\t\t\t<div class=\"elementor-text-editor elementor-clearfix\"><p style=\"text-align: center;\"><em><strong>Classe GS\/CP<br \/><\/strong><\/em>Marie BERNIER<br \/>Sandra LEMOINE<\/p><\/div>\n\t\t\t\t<\/div>\n\t\t\t\t<\/div>\n\t\t\t\t\t\t<\/div>\n\t\t\t<\/div>\n\t\t<\/div>\n\t\t\t\t<div data-id=\"996a495\" class=\"elementor-element elementor-element-996a495 elementor-column elementor-col-20 elementor-top-column\" data-element_type=\"column\">\n\t\t\t<div class=\"elementor-column-wrap elementor-element-populated\">\n\t\t\t\t\t<div class=\"elementor-widget-wrap\">\n\t\t\t\t<div data-id=\"9c8168f\" class=\"elementor-element elementor-element-9c8168f elementor-widget elementor-widget-text-editor\" data-element_type=\"text-editor.default\">\n\t\t\t\t<div class=\"elementor-widget-container\">\n\t\t\t\t\t<div class=\"elementor-text-editor elementor-clearfix\"><p class=\"p1\" style=\"text-align: center;\"><em><b>Classe TPS\/PS\/MS\/GS<br \/><\/b><\/em><b>Charlotte CHARLES<br \/><\/b><em>Chef d\u2019\u00e9tablissement<\/em><\/p><p class=\"p1\" style=\"text-align: center;\"><b><\/b><b>Marie TOCHE<\/b><\/p><\/div>\n\t\t\t\t<\/div>\n\t\t\t\t<\/div>\n\t\t\t\t\t\t<\/div>\n\t\t\t<\/div>\n\t\t<\/div>\n\t\t\t\t<div data-id=\"f3eed9a\" class=\"elementor-element elementor-element-f3eed9a elementor-column elementor-col-20 elementor-top-column\" data-element_type=\"column\">\n\t\t\t<div class=\"elementor-column-wrap elementor-element-populated\">\n\t\t\t\t\t<div class=\"elementor-widget-wrap\">\n\t\t\t\t<div data-id=\"94fc5f8\" class=\"elementor-element elementor-element-94fc5f8 elementor-widget elementor-widget-text-editor\" data-element_type=\"text-editor.default\">\n\t\t\t\t<div class=\"elementor-widget-container\">\n\t\t\t\t\t<div class=\"elementor-text-editor elementor-clearfix\"><p style=\"text-align: center;\"><em><strong>Classe CE1\/CE2<br \/><\/strong><\/em>France MARION<\/p><\/div>\n\t\t\t\t<\/div>\n\t\t\t\t<\/div>\n\t\t\t\t\t\t<\/div>\n\t\t\t<\/div>\n\t\t<\/div>\n\t\t\t\t<div data-id=\"6014468\" class=\"elementor-element elementor-element-6014468 elementor-column elementor-col-20 elementor-top-column\" data-element_type=\"column\">\n\t\t\t<div class=\"elementor-column-wrap elementor-element-populated\">\n\t\t\t\t\t<div class=\"elementor-widget-wrap\">\n\t\t\t\t<div data-id=\"baa7ed9\" class=\"elementor-element elementor-element-baa7ed9 elementor-widget elementor-widget-text-editor\" data-element_type=\"text-editor.default\">\n\t\t\t\t<div class=\"elementor-widget-container\">\n\t\t\t\t\t<div class=\"elementor-text-editor elementor-clearfix\"><p class=\"p1\" style=\"text-align: center;\">Personne ressource\u00a0<em><b>ASH<\/b><\/em><br \/><b>La\u00ebtitia SUSPENE<\/b><\/p><\/div>\n\t\t\t\t<\/div>\n\t\t\t\t<\/div>\n\t\t\t\t\t\t<\/div>\n\t\t\t<\/div>\n\t\t<\/div>\n\t\t\t\t\t\t<\/div>\n\t\t\t<\/div>\n\t\t<\/section>\n\t\t\t\t<section data-id=\"b3c7ee1\" class=\"elementor-element elementor-element-b3c7ee1 elementor-section-content-middle elementor-section-boxed elementor-section-height-default elementor-section-height-default elementor-section elementor-top-section\" data-element_type=\"section\">\n\t\t\t\t\t\t<div class=\"elementor-container elementor-column-gap-default\">\n\t\t\t\t<div class=\"elementor-row\">\n\t\t\t\t<div data-id=\"3cbc9e0\" class=\"elementor-element elementor-element-3cbc9e0 elementor-column elementor-col-33 elementor-top-column\" data-element_type=\"column\">\n\t\t\t<div class=\"elementor-column-wrap elementor-element-populated\">\n\t\t\t\t\t<div class=\"elementor-widget-wrap\">\n\t\t\t\t<div data-id=\"088a470\" class=\"elementor-element elementor-element-088a470 elementor-widget elementor-widget-heading\" data-element_type=\"heading.default\">\n\t\t\t\t<div class=\"elementor-widget-container\">\n\t\t\t<h2 class=\"elementor-heading-title elementor-size-default\">\u00c9quipe non-enseignante<\/h2>\t\t<\/div>\n\t\t\t\t<\/div>\n\t\t\t\t<div data-id=\"d5550fc\" class=\"elementor-element elementor-element-d5550fc elementor-widget elementor-widget-text-editor\" data-element_type=\"text-editor.default\">\n\t\t\t\t<div class=\"elementor-widget-container\">\n\t\t\t\t\t<div class=\"elementor-text-editor elementor-clearfix\"><p class=\"p1\" style=\"text-align: center;\">ASEM<br \/><strong>Jennifer THIERY<\/strong><br \/><strong>Laura-Diane GRANEL<\/strong><br \/><strong>Lucie PARIS<\/strong><\/p><p class=\"p1\" style=\"text-align: center;\">AVS<br \/><b style=\"font-size: 14px;\">Martine AUBERT<br \/><\/b><b style=\"font-size: 14px;\">Marie-Jo\u00a0<\/b><b style=\"font-size: 14px;\"><span style=\"font-size: 14px;\">TERRAS<br \/><\/span><\/b><b style=\"font-size: 14px;\">St\u00e9phanie GUICHERT-CALLIN<\/b><\/p><\/div>\n\t\t\t\t<\/div>\n\t\t\t\t<\/div>\n\t\t\t\t\t\t<\/div>\n\t\t\t<\/div>\n\t\t<\/div>\n\t\t\t\t<div data-id=\"2dd9df1\" class=\"elementor-element elementor-element-2dd9df1 elementor-column elementor-col-33 elementor-top-column\" data-element_type=\"column\">\n\t\t\t<div class=\"elementor-column-wrap elementor-element-populated\">\n\t\t\t\t\t<div class=\"elementor-widget-wrap\">\n\t\t\t\t<div data-id=\"e1b6bf6\" class=\"elementor-element elementor-element-e1b6bf6 elementor-widget elementor-widget-heading\" data-element_type=\"heading.default\">\n\t\t\t\t<div class=\"elementor-widget-container\">\n\t\t\t<h2 class=\"elementor-heading-title elementor-size-default\">Les \u00e9l\u00e8ves<\/h2>\t\t<\/div>\n\t\t\t\t<\/div>\n\t\t\t\t<div data-id=\"439186e\" class=\"elementor-element elementor-element-439186e elementor-widget elementor-widget-text-editor\" data-element_type=\"text-editor.default\">\n\t\t\t\t<div class=\"elementor-widget-container\">\n\t\t\t\t\t<div class=\"elementor-text-editor elementor-clearfix\"><p class=\"p1\" style=\"text-align: center;\"><b>Rentr\u00e9e 2018\/2019<br \/><\/b>90-100 \u00e9l\u00e8ves<br \/>4 classes<\/p><\/div>\n\t\t\t\t<\/div>\n\t\t\t\t<\/div>\n\t\t\t\t\t\t<\/div>\n\t\t\t<\/div>\n\t\t<\/div>\n\t\t\t\t<div data-id=\"0cfae4c\" class=\"elementor-element elementor-element-0cfae4c elementor-column elementor-col-33 elementor-top-column\" data-element_type=\"column\">\n\t\t\t<div class=\"elementor-column-wrap elementor-element-populated\">\n\t\t\t\t\t<div class=\"elementor-widget-wrap\">\n\t\t\t\t<div data-id=\"31825d9\" class=\"elementor-element elementor-element-31825d9 elementor-widget elementor-widget-heading\" data-element_type=\"heading.default\">\n\t\t\t\t<div class=\"elementor-widget-container\">\n\t\t\t<h2 class=\"elementor-heading-title elementor-size-default\">Organisme et association<\/h2>\t\t<\/div>\n\t\t\t\t<\/div>\n\t\t\t\t<div data-id=\"62af628\" class=\"elementor-element elementor-element-62af628 elementor-widget elementor-widget-text-editor\" data-element_type=\"text-editor.default\">\n\t\t\t\t<div class=\"elementor-widget-container\">\n\t\t\t\t\t<div class=\"elementor-text-editor elementor-clearfix\"><p style=\"text-align: center;\"><strong>OGEC<\/strong><br \/>Pr\u00e9sident :\u00a0<strong>M.\u00a0BAUD<\/strong><br \/>Vice-pr\u00e9sidente : <strong>M<sup>me<\/sup> GIRARDEL<\/strong><\/p><p style=\"text-align: center;\"><strong>APEL<\/strong><br \/>Pr\u00e9sidente : <strong>M<sup>me<\/sup>\u00a0Grange<\/strong><\/p><p style=\"text-align: center;\"><strong>PARENTS D\u00c9L\u00c9GU\u00c9S<\/strong><\/p><\/div>\n\t\t\t\t<\/div>\n\t\t\t\t<\/div>\n\t\t\t\t\t\t<\/div>\n\t\t\t<\/div>\n\t\t<\/div>\n\t\t\t\t\t\t<\/div>\n\t\t\t<\/div>\n\t\t<\/section>\n\t\t\t\t<section data-id=\"a6fc174\" class=\"elementor-element elementor-element-a6fc174 elementor-section-boxed elementor-section-height-default elementor-section-height-default elementor-section elementor-top-section\" data-element_type=\"section\">\n\t\t\t\t\t\t<div class=\"elementor-container elementor-column-gap-default\">\n\t\t\t\t<div class=\"elementor-row\">\n\t\t\t\t<div data-id=\"085dc45\" class=\"elementor-element elementor-element-085dc45 elementor-column elementor-col-50 elementor-top-column\" data-element_type=\"column\">\n\t\t\t<div class=\"elementor-column-wrap elementor-element-populated\">\n\t\t\t\t\t<div class=\"elementor-widget-wrap\">\n\t\t\t\t<div data-id=\"db704a9\" class=\"elementor-element elementor-element-db704a9 elementor-widget elementor-widget-text-editor\" data-element_type=\"text-editor.default\">\n\t\t\t\t<div class=\"elementor-widget-container\">\n\t\t\t\t\t<div class=\"elementor-text-editor elementor-clearfix\"><p class=\"p1\" style=\"text-align: center;\">P\u00e8re Denis ROUSSET<br \/>P\u00e8re RICCARDI<\/p><\/div>\n\t\t\t\t<\/div>\n\t\t\t\t<\/div>\n\t\t\t\t\t\t<\/div>\n\t\t\t<\/div>\n\t\t<\/div>\n\t\t\t\t<div data-id=\"2280cbe\" class=\"elementor-element elementor-element-2280cbe elementor-column elementor-col-50 elementor-top-column\" data-element_type=\"column\">\n\t\t\t<div class=\"elementor-column-wrap elementor-element-populated\">\n\t\t\t\t\t<div class=\"elementor-widget-wrap\">\n\t\t\t\t<div data-id=\"cb87ea0\" class=\"elementor-element elementor-element-cb87ea0 elementor-widget elementor-widget-text-editor\" data-element_type=\"text-editor.default\">\n\t\t\t\t<div class=\"elementor-widget-container\">\n\t\t\t\t\t<div class=\"elementor-text-editor elementor-clearfix\"><p class=\"p1\" style=\"text-align: center;\"><span class=\"s1\">Le Maire : M<sup>me <\/sup>CHABERT<br \/>Conseil Municipal des Jeunes<br \/><\/span><\/p><\/div>\n\t\t\t\t<\/div>\n\t\t\t\t<\/div>\n\t\t\t\t\t\t<\/div>\n\t\t\t<\/div>\n\t\t<\/div>\n\t\t\t\t\t\t<\/div>\n\t\t\t<\/div>\n\t\t<\/section>\n\t\t\t\t<section data-id=\"3b09c9a\" class=\"elementor-element elementor-element-3b09c9a elementor-section-boxed elementor-section-height-default elementor-section-height-default elementor-section elementor-top-section\" data-element_type=\"section\">\n\t\t\t\t\t\t<div class=\"elementor-container elementor-column-gap-default\">\n\t\t\t\t<div class=\"elementor-row\">\n\t\t\t\t<div data-id=\"3dda2a7\" class=\"elementor-element elementor-element-3dda2a7 elementor-column elementor-col-100 elementor-top-column\" data-element_type=\"column\">\n\t\t\t<div class=\"elementor-column-wrap elementor-element-populated\">\n\t\t\t\t\t<div class=\"elementor-widget-wrap\">\n\t\t\t\t<div data-id=\"3d8a3c6\" class=\"elementor-element elementor-element-3d8a3c6 elementor-widget elementor-widget-toggle\" data-element_type=\"toggle.default\">\n\t\t\t\t<div class=\"elementor-widget-container\">\n\t\t\t\t\t<div class=\"elementor-toggle\" role=\"tablist\">\n\t\t\t\t\t\t\t<div class=\"elementor-toggle-item\">\n\t\t\t\t\t<h3 id=\"elementor-tab-title-6451\" class=\"elementor-tab-title\" data-tab=\"1\" role=\"tab\" aria-controls=\"elementor-tab-content-6451\">\n\t\t\t\t\t\t\t\t\t\t\t\t<span class=\"elementor-toggle-icon elementor-toggle-icon-left\" aria-hidden=\"true\">\n\t\t\t\t\t\t\t<i class=\"elementor-toggle-icon-closed fa fa-caret-right\"><\/i>\n\t\t\t\t\t\t\t<i class=\"elementor-toggle-icon-opened fa fa-caret-up\"><\/i>\n\t\t\t\t\t\t<\/span>\n\t\t\t\t\t\t\t\t\t\t\t\t<a href=\"\">Communaut\u00e9 \u00e9ducative<\/a>\n\t\t\t\t\t<\/h3>\n\t\t\t\t\t<div id=\"elementor-tab-content-6451\" class=\"elementor-tab-content elementor-clearfix\" data-tab=\"1\" role=\"tabpanel\" aria-labelledby=\"elementor-tab-title-6451\"><h6 class=\"Style3\"><span style=\"color: #0f5188;\">Une communaut\u00e9 \u00e9ducative rassembl\u00e9e autour d\u2019un projet \u00e9ducatif commun<\/span><\/h6><p class=\"Style3\" style=\"text-align: justify;\">\u00ab\u00a0<em>Dans notre \u00e9cole, tous les acteurs de la communaut\u00e9 \u00e9ducative s\u2019unissent pour offrir un lieu de vie harmonieux qui favorise pour chaque enfant toutes les chances de s\u2019\u00e9panouir et de se r\u00e9aliser dans sa vie sociale, professionnelle et spirituelle.\u00a0<\/em>\u00bb<\/p><p class=\"Style3\" style=\"text-align: justify;\">Une \u00e9quipe enseignante\u00a0: motiv\u00e9e et dynamique, soucieuse de la r\u00e9ussite de chaque \u00e9l\u00e8ve, \u00e0 l\u2019\u00e9coute des parents\u2026<\/p><p class=\"Style3\" style=\"text-align: justify;\">Un Organisme de Gestion de l\u2019Ecole Catholique\u00a0: Association qui assure la gestion de l\u2019\u00e9cole (locaux et personnel de service). Elle est compos\u00e9e de personnes b\u00e9n\u00e9voles qui mettent leurs comp\u00e9tences au service des enfants.<\/p><p class=\"Style3\" style=\"text-align: justify;\">Association des Parents d\u2019\u00e9l\u00e8ves de l\u2019Enseignement Libre\u00a0: Association qui organise des manifestations festives afin d\u2019aider au financement des activit\u00e9s scolaires. Elle est compos\u00e9e de tous les parents d\u2019\u00e9l\u00e8ves de notre \u00e9cole.<\/p><p class=\"Style3\" style=\"text-align: justify;\">Du personnel de service : associ\u00e9 au projet \u00e9ducatif de l\u2019\u00e9cole, il travaille en \u00e9troite collaboration avec l\u2019\u00e9quipe enseignante.<\/p><h6 class=\"Style3\" style=\"text-align: justify;\"><span style=\"color: #ed6a71;\">TOUS ACTEURS\u00a0!<\/span><br \/><span style=\"color: #ed6a71;\">Une place pour chaque membre de la communaut\u00e9<\/span><\/h6><p><img decoding=\"async\" loading=\"lazy\" class=\"alignnone wp-image-410 size-full\" src=\"http:\/\/www.diagramme-web.fr\/pontdebeauvoisin\/wp-content\/uploads\/2018\/09\/Equipe-ecole-NDDR.jpg\" alt=\"\" width=\"1024\" height=\"683\" srcset=\"https:\/\/www.diagramme-web.fr\/pontdebeauvoisin\/wp-content\/uploads\/2018\/09\/Equipe-ecole-NDDR.jpg 1024w, https:\/\/www.diagramme-web.fr\/pontdebeauvoisin\/wp-content\/uploads\/2018\/09\/Equipe-ecole-NDDR-300x200.jpg 300w, https:\/\/www.diagramme-web.fr\/pontdebeauvoisin\/wp-content\/uploads\/2018\/09\/Equipe-ecole-NDDR-768x512.jpg 768w\" sizes=\"(max-width: 1024px) 100vw, 1024px\" \/><\/p><p><strong>Debout<\/strong><br \/>Marie TOCHE \u2013 France MARION \u2013 Charlotte CHARLES (Directrice) \u2013 Martine AUBERT &#8211; Jennifer THIERY<br \/><strong>Assises<\/strong><br \/>Lucie PARIS \u2013 Marine BERRIER \u2013 Laura Diane GRANEL \u2013 Sandra LEMOINE \u2013 Marie BERNIER<\/p><\/div>\n\t\t\t\t<\/div>\n\t\t\t\t\t\t\t<div class=\"elementor-toggle-item\">\n\t\t\t\t\t<h3 id=\"elementor-tab-title-6452\" class=\"elementor-tab-title\" data-tab=\"2\" role=\"tab\" aria-controls=\"elementor-tab-content-6452\">\n\t\t\t\t\t\t\t\t\t\t\t\t<span class=\"elementor-toggle-icon elementor-toggle-icon-left\" aria-hidden=\"true\">\n\t\t\t\t\t\t\t<i class=\"elementor-toggle-icon-closed fa fa-caret-right\"><\/i>\n\t\t\t\t\t\t\t<i class=\"elementor-toggle-icon-opened fa fa-caret-up\"><\/i>\n\t\t\t\t\t\t<\/span>\n\t\t\t\t\t\t\t\t\t\t\t\t<a href=\"\">Parents d\u00e9l\u00e9gu\u00e9s<\/a>\n\t\t\t\t\t<\/h3>\n\t\t\t\t\t<div id=\"elementor-tab-content-6452\" class=\"elementor-tab-content elementor-clearfix\" data-tab=\"2\" role=\"tabpanel\" aria-labelledby=\"elementor-tab-title-6452\"><p class=\"Style3\" style=\"text-align: justify;\"><strong>Classe maternelle\u00a0:<\/strong> M<sup>me<\/sup> Caroline BAUDOIN (maman de L\u00e9a) \u2013 M<sup>me<\/sup> MOREAU-REVEL (maman de Lexie)<\/p><p><strong>Classe de GS\/CP\u00a0:<\/strong> M<sup>me<\/sup> Lucie PULLIAT (maman d\u2019Alycia) \u2013 M<sup>me<\/sup> LOTFI (maman de Giulia)<\/p><p><strong>Classe de CE1\/CE2\u00a0:<\/strong> M<sup>me<\/sup> Ornella BACHASSON (maman de Lily) \u2013 M<sup>me<\/sup> Amandine FORAY (maman d\u2019Alexandre)<\/p><p><strong>Classe de CM1\/CM2\u00a0:<\/strong> M<sup>me<\/sup> Marie-Charlotte DUPONT \u2013 M<sup>me<\/sup> Angeline BONTANT (maman de Bastien)<\/p><\/div>\n\t\t\t\t<\/div>\n\t\t\t\t\t\t\t<div class=\"elementor-toggle-item\">\n\t\t\t\t\t<h3 id=\"elementor-tab-title-6453\" class=\"elementor-tab-title\" data-tab=\"3\" role=\"tab\" aria-controls=\"elementor-tab-content-6453\">\n\t\t\t\t\t\t\t\t\t\t\t\t<span class=\"elementor-toggle-icon elementor-toggle-icon-left\" aria-hidden=\"true\">\n\t\t\t\t\t\t\t<i class=\"elementor-toggle-icon-closed fa fa-caret-right\"><\/i>\n\t\t\t\t\t\t\t<i class=\"elementor-toggle-icon-opened fa fa-caret-up\"><\/i>\n\t\t\t\t\t\t<\/span>\n\t\t\t\t\t\t\t\t\t\t\t\t<a href=\"\">R\u00e8glement int\u00e9rieur<\/a>\n\t\t\t\t\t<\/h3>\n\t\t\t\t\t<div id=\"elementor-tab-content-6453\" class=\"elementor-tab-content elementor-clearfix\" data-tab=\"3\" role=\"tabpanel\" aria-labelledby=\"elementor-tab-title-6453\"><p>T\u00e9l\u00e9chargez le r\u00e8glement int\u00e9rieur en cliquant <a href=\"http:\/\/www.diagramme-web.fr\/pontdebeauvoisin\/wp-content\/uploads\/2018\/10\/ri-ecole-ndr.pdf\" target=\"_blank\" rel=\"noopener\">ici<\/a>.<\/p><\/div>\n\t\t\t\t<\/div>\n\t\t\t\t\t<\/div>\n\t\t\t\t<\/div>\n\t\t\t\t<\/div>\n\t\t\t\t\t\t<\/div>\n\t\t\t<\/div>\n\t\t<\/div>\n\t\t\t\t\t\t<\/div>\n\t\t\t<\/div>\n\t\t<\/section>\n\t\t\t\t\t\t<\/div>\n\t\t\t<\/div>\n\t\t<\/div>\n\t\t","protected":false},"excerpt":{"rendered":"<p>Organigramme \u00c9ducation Nationale Respect des programmes D.D.E.C. Direction Dioc\u00e9saine de l\u2019enseignement catholique Directeur dioc\u00e9sain\u2009: M.\u202fPLAIGE J.R. \u00c9quipe enseignante Classe CM1\/CM2 Marine BERRIER Classe GS\/CP Marie BERNIER Sandra LEMOINE Classe TPS\/PS\/MS\/GS Charlotte CHARLES Chef d\u2019\u00e9tablissement Marie TOCHE Classe CE1\/CE2 France MARION Personne ressource\u00a0ASH La\u00ebtitia SUSPENE \u00c9quipe non-enseignante ASEM Jennifer THIERY Laura-Diane GRANEL Lucie PARIS AVS Martine [&hellip;]<\/p>\n","protected":false},"author":1,"featured_media":0,"parent":6,"menu_order":0,"comment_status":"closed","ping_status":"closed","template":"","meta":[],"_links":{"self":[{"href":"https:\/\/www.diagramme-web.fr\/pontdebeauvoisin\/wp-json\/wp\/v2\/pages\/87"}],"collection":[{"href":"https:\/\/www.diagramme-web.fr\/pontdebeauvoisin\/wp-json\/wp\/v2\/pages"}],"about":[{"href":"https:\/\/www.diagramme-web.fr\/pontdebeauvoisin\/wp-json\/wp\/v2\/types\/page"}],"author":[{"embeddable":true,"href":"https:\/\/www.diagramme-web.fr\/pontdebeauvoisin\/wp-json\/wp\/v2\/users\/1"}],"replies":[{"embeddable":true,"href":"https:\/\/www.diagramme-web.fr\/pontdebeauvoisin\/wp-json\/wp\/v2\/comments?post=87"}],"version-history":[{"count":29,"href":"https:\/\/www.diagramme-web.fr\/pontdebeauvoisin\/wp-json\/wp\/v2\/pages\/87\/revisions"}],"predecessor-version":[{"id":1082,"href":"https:\/\/www.diagramme-web.fr\/pontdebeauvoisin\/wp-json\/wp\/v2\/pages\/87\/revisions\/1082"}],"up":[{"embeddable":true,"href":"https:\/\/www.diagramme-web.fr\/pontdebeauvoisin\/wp-json\/wp\/v2\/pages\/6"}],"wp:attachment":[{"href":"https:\/\/www.diagramme-web.fr\/pontdebeauvoisin\/wp-json\/wp\/v2\/media?parent=87"}],"curies":[{"name":"wp","href":"https:\/\/api.w.org\/{rel}","templated":true}]}}